{"id":31831,"date":"2020-07-21T19:56:52","date_gmt":"2020-07-22T00:56:52","guid":{"rendered":"https:\/\/lidiaiwanowska.com\/?page_id=31831"},"modified":"2025-12-16T13:38:35","modified_gmt":"2025-12-16T13:38:35","slug":"o-mnie","status":"publish","type":"page","link":"https:\/\/lidiaiwanowska.com\/en\/o-mnie","title":{"rendered":"O Mnie (Demo)"},"content":{"rendered":"<p><!--vcv no format--><!-- vcwb\/dynamicElementComment:5934d305 --><\/p>\n<div class=\"vce-row-container\" data-vce-boxed-width=\"true\">\n<div class=\"vce-row vce-row--col-gap-30 vce-row-equal-height vce-row-content--top\" id=\"el-5934d305\" data-vce-do-apply=\"all el-5934d305\">\n<div class=\"vce-row-content\" data-vce-element-content=\"true\"><!-- vcwb\/dynamicElementComment:e3f33818 --><\/p>\n<div class=\"vce-col vce-col--md-auto vce-col--xs-1 vce-col--xs-last vce-col--xs-first vce-col--sm-last vce-col--sm-first vce-col--md-last vce-col--lg-last vce-col--xl-last vce-col--md-first vce-col--lg-first vce-col--xl-first\" id=\"el-e3f33818\">\n<div class=\"vce-col-inner\" data-vce-do-apply=\"border margin background  el-e3f33818\">\n<div class=\"vce-col-content\" data-vce-element-content=\"true\" data-vce-do-apply=\"padding el-e3f33818\"><!-- vcwb\/dynamicElementComment:60cdd990 --><\/p>\n<div class=\"vce-text-block\">\n<div class=\"vce-text-block-wrapper vce\" id=\"el-60cdd990\" data-vce-do-apply=\"all el-60cdd990\">\n<p>[vc_row full_width=&#8221;stretch_row&#8221; css=&#8221;.vc_custom_1595378288839{margin-top: 0px !important;margin-bottom: 0px !important;background-image: url(|!|vcvUploadUrl|!|\/2019\/12\/woman2.jpg?id=30148) !important;background-position: center !important;background-repeat: no-repeat !important;background-size: cover !important;}&#8221;][vc_column css=&#8221;.vc_custom_1596755575418{background-position: 0 0 !important;background-repeat: no-repeat !important;}&#8221;][gem_divider margin_top=&#8221;40&#8243;][gem_quote]<\/p>\n<p style=\"text-align: center;\"><strong>Mi\u0142o\u015b\u0107 i \u015awiadomo\u015b\u0107<\/strong> jest w Nas, dlatego mo\u017cemy uzdrawia\u0107 Nasze Zycie i Zdrowie&#8230;<\/p>\n<p style=\"text-align: right;\"><em>Lidia Iwanowska<\/em><\/p>\n<p>[\/gem_quote][gem_divider margin_top=&#8221;50&#8243;][vc_column_text]<\/p>\n<div class=\"title-h4\" style=\"text-align: center;\"><strong>Tu, gdzie wszystko si\u0119 zaczyna<\/strong><\/div>\n<p>W 2000 roku&nbsp; zdiagnozowano u mnie stwardnienie rozsiane. Pracowa\u0142am wtedy jako fizjoterapeutka. Niekt\u00f3rzy z moich pacjent\u00f3w byli pacjentami ze stwardnieniem rozsianym. Zauwa\u017cy\u0142am, \u017ce co\u015b by\u0142o nie tak. \u017baden z moich pacjent\u00f3w nie czu\u0142 si\u0119 lepiej, wr\u0119cz przeciwnie. Otrzymywali leki, kt\u00f3re przez kr\u00f3tki czas maskowa\u0142y objawy, jednak wielu z moich pacjent\u00f3w w bardzo kr\u00f3tkim czasie przechodzi\u0142o do z\u0142ego stanu fizycznego, psychicznego i emocjonalnego.<\/p>\n<p>Moje stwardnienie rozsiane post\u0119powa\u0142o do\u015b\u0107 szybko. Jeden z czo\u0142owych neurolog\u00f3w na \u015arodkowym Zachodzie, specjalizuj\u0105cy si\u0119 w leczeniu stwardnienia rozsianego, powiedzia\u0142, \u017ce <strong>to tylko kwestia czasu, kiedy b\u0119d\u0119 przykuta do w\u00f3zka inwalidzkiego<\/strong>. By\u0142y dni, kiedy nie mog\u0142am wsta\u0107 i czo\u0142ga\u0142am si\u0119 po domu. Zdarza\u0142y si\u0119 jednak te\u017c dni, kiedy b\u0119d\u0105c zdeterminowana, aby nie u\u017cywa\u0107 \u017cadnych urz\u0105dze\u0144 do chodzenia, mog\u0142am wsta\u0107 i chodzi\u0107 o w\u0142asnych si\u0142ach, opieraj\u0105c si\u0119 o meble i tylko czasami upadaj\u0105c. <strong>Moje nogi i r\u0119ce by\u0142y unieruchomione z b\u00f3lu, kt\u00f3ry czu\u0142am od pasa w d\u00f3\u0142.<\/strong> Ubranie i rutynowe k\u0105piele by\u0142y wyj\u0105tkowo bolesne, a na sk\u00f3rze czu\u0142am pieczenie. Czu\u0142am si\u0119 jak moi pacjenci, z kt\u00f3rymi pracowa\u0142em jako fizjoterapeutka.<\/p>\n<p>B\u0119d\u0105c pedagogiem oraz analizuj\u0105c wszystko, co si\u0119 wok\u00f3\u0142 mnie dzia\u0142o, wiedzia\u0142em, \u017ce musz\u0119 jak najszybciej zacz\u0105\u0107 dzia\u0142a\u0107, zanim nie b\u0119d\u0119 w stanie nic zrobi\u0107 o w\u0142asnych si\u0142ach. Dosta\u0142am opcj\u0119 brania steryd\u00f3w jako \u201elekarstwa\u201d, ale wiedzia\u0142em, \u017ce sterydy na mnie nie zadzia\u0142aj\u0105. Zrobi\u0142am badania i przeczyta\u0142am publikacje, kt\u00f3re doprowadzi\u0142y do mojego wyzdrowienia w mniej, ni\u017c dwa miesi\u0105ce. <strong>Dzi\u0119ki holistycznemu podej\u015bciu moje stwardnienie rozsiane znikn\u0119\u0142o bez \u015blad\u00f3w w moim ciele. Ca\u0142kowicie wyzdrowia\u0142am.<\/strong>[\/vc_column_text][gem_divider margin_top=&#8221;30&#8243;][vc_column_text]<\/p>\n<div class=\"title-h4\" style=\"text-align: center;\"><strong>Kolejny \u017cyciowy sprawdzian<\/strong><\/div>\n<p>Nied\u0142ugo potem rozpocz\u0119\u0142am edukacyjn\u0105 podr\u00f3\u017c do samodzielnej nauki. Zaskoczona faktem, \u017ce moje cia\u0142o wyzdrowia\u0142o, zdecydowa\u0142am si\u0119 dalej studiowa\u0107 dziedzin\u0119 biologii molekularnej i kom\u00f3rkowej, a tak\u017ce pog\u0142\u0119bia\u0107 swoj\u0105 wiedz\u0119 na temat suplementacji oraz od\u017cywiania. <strong>Czu\u0142am, \u017ce odkry\u0142am co\u015b warto\u015bciowego\u2026 co\u015b, czym mog\u0142abym si\u0119 podzieli\u0107 z innymi.<\/strong><\/p>\n<p>Moja problemy zdrowotne nie odesz\u0142y jednak na d\u0142ugo. Uzbrojona w now\u0105 wiedz\u0119 ze studi\u00f3w, zn\u00f3w stan\u0119\u0142am przed bardziej zagra\u017caj\u0105cymi \u017cyciu chorobami. W czasie stwardnienia rozsianego, a nawet wcze\u015bniej, <strong>mia\u0142am problemy z sercem.<\/strong> To by\u0142o dla mnie bardzo niepokoj\u0105ce. Do\u015bwiadcza\u0142am innego rodzaju b\u00f3lu, a nawet parali\u017cuj\u0105cego strachu.<\/p>\n<p>Pami\u0119tam, jak siedzia\u0142am na skraju \u0142\u00f3\u017cka i czu\u0142em mia\u017cd\u017c\u0105cy b\u00f3l w klatce piersiowej, kt\u00f3rego intensywno\u015b\u0107 ros\u0142a z ka\u017cdym oddechem. By\u0142o tak, jak ludzie to opisywali &#8211; z b\u00f3lem i odr\u0119twieniem lewej r\u0119ki. Migotanie t\u0119tnic cz\u0119sto nie pozwala\u0142o mi zasn\u0105\u0107 w nocy. Niekontrolowane bicie serca gwa\u0142townie wstrz\u0105sa\u0142o moim cia\u0142em, a ja my\u015bla\u0142am, \u017ce to nigdy si\u0119 nie sko\u0144czy. <strong>My\u015bla\u0142am, \u017ce to dla mnie koniec.<\/strong><\/p>\n<p>W tym momencie by\u0142am na nieko\u0144cz\u0105cej si\u0119 drodze lekarstw. Pomi\u0119dzy wizytami u kardiologa bra\u0142am alfa-blokery, beta-blokery, blokery kana\u0142u wapniowego, za\u017cywaj\u0105c je jedne po drugich bez widocznej ulgi. Postanowi\u0142am przesta\u0107 bra\u0107 leki i oraz udzia\u0142 w nieko\u0144cz\u0105cych si\u0119 testach, kt\u00f3re by\u0142y na mnie wykonywane. Przerwa\u0142am r\u00f3wnie\u017c wizyty u kardiologa. <strong>Musia\u0142am poszuka\u0107 alternatyw, kt\u00f3re pozwoli\u0142yby mi wr\u00f3ci\u0107 na drog\u0119 do wyzdrowienia.<\/strong> Wiedzia\u0142am, \u017ce musz\u0119 zmieni\u0107 moje codzienne jedzenie na lepsze od\u017cywianie i uspokoi\u0107 chaotyczne i rozbiegane my\u015bli.&nbsp; Wkr\u00f3tce b\u00f3le w klatce piersiowej opu\u015bci\u0142y mnie wraz z migotaniem. Naprawd\u0119 czu\u0142am si\u0119 znacznie lepiej.[\/vc_column_text][gem_divider margin_top=&#8221;30&#8243;][vc_column_text]<\/p>\n<div class=\"title-h4\" style=\"text-align: center;\"><strong>Gdy my\u015bla\u0142am, \u017ce ju\u017c po wszystkim<\/strong><\/div>\n<p>Wszystkie poprzednie problemy zdrowotne znikn\u0119\u0142y. Stwardnienie rozsiane, wady serca, reumatoidalne zapalenie staw\u00f3w i tarczyca zosta\u0142y wyleczone ju\u017c w czasie mojej pierwszej ci\u0105\u017cy. Jednak problemy finansowe i utrata pracy zar\u00f3wno dla mojego m\u0119\u017ca, jak i dla mnie, by\u0142y niczym ciemne chmury nad nasz\u0105 codzienno\u015bci\u0105. Stres spowodowany tym wszystkim ponownie wp\u0142yn\u0105\u0142 na moje zdrowie. Dwa miesi\u0105ce po urodzeniu drugiego dziecka zacz\u0119\u0142am nieustannie plu\u0107 krwi\u0105. Mimo, \u017ce nie mieli\u015bmy wtedy ubezpieczenia, jedyne, o czym my\u015bla\u0142am, to moi dwaj m\u0142odzi ch\u0142opcy. Potrzebowali mnie tak samo, jak ja ich.<\/p>\n<p><strong>Strach przed mo\u017cliw\u0105 \u015bmierci\u0105 na raka by\u0142 teraz zawsze obecny w mojej g\u0142owie.<\/strong> Kiedy wi\u0119c moje dwoje maluch\u00f3w k\u0142ad\u0142o si\u0119 do drzemki, zaczyna\u0142am ponownie szuka\u0107 informacji. Zanurzy\u0142am si\u0119 w g\u0142\u0105b bada\u0144 naukowych i ich medycznych odkry\u0107.<\/p>\n<p>B\u00f3l brzucha, kt\u00f3rego do\u015bwiadcza\u0142am, by\u0142 taki, jakbym po\u0142kn\u0119\u0142a du\u017c\u0105 pi\u0142k\u0119 golfow\u0105. By\u0142am sparali\u017cowana przez zm\u0119czenie, a b\u00f3l wydawa\u0142 si\u0119 przemieszcza\u0107 po ca\u0142ym brzuchu. Uda\u0142o mi si\u0119 przej\u015b\u0107 testy w Europie. Lekarze stwierdzili, \u017ce mam sze\u015b\u0107 krwawi\u0105cych wrzod\u00f3w, kt\u00f3re stanowi\u0142y dwie trzecie mojego \u017co\u0142\u0105dka. Zasugerowano operacj\u0119, aby zatrzyma\u0107 krwawienie. Moje wrzody \u017co\u0142\u0105dka mog\u0142y przekszta\u0142ci\u0107 si\u0119 w raka, ale nie by\u0142y zwi\u0105zane z bakteriami H. Pyroli, kt\u00f3re s\u0105 \u0142atwiejsze do zatrzymania.[\/vc_column_text][gem_divider margin_top=&#8221;30&#8243;][vc_column_text]<\/p>\n<div class=\"title-h4\" style=\"text-align: center;\"><strong>Sp\u00f3jno\u015b\u0107 ducha i cia\u0142a<\/strong><\/div>\n<p>Dlaczego moja zdrowa dieta nie zadzia\u0142a\u0142a? W k\u00f3\u0142ko to kwestionowa\u0142am. Owrzodzenie by\u0142o spowodowane ci\u0105g\u0142ym stresem w moim \u017cyciu oraz urazem wewn\u0119trznym spowodowanym stanem zapalnym, kt\u00f3rego nigdy nie uda\u0142o si\u0119 w pe\u0142ni wyleczy\u0107. Nie mo\u017cna go w pe\u0142ni wyleczy\u0107, je\u015bli umys\u0142 i duch nie s\u0105 zsynchronizowane z cia\u0142em fizycznym. <strong>To w\u0142a\u015bnie wtedy zrozumia\u0142am korelacj\u0119 pomi\u0119dzy uczuciem stresu, a lekkim wyciszeniem.<\/strong><\/p>\n<p>Jest dla mnie oczywiste, \u017ce zostali\u015bmy stworzeni na obraz Boga, dlatego cia\u0142o, umys\u0142 i duch s\u0105 ze sob\u0105 po\u0142\u0105czone i nie f<br \/>\nunkcjonuj\u0105 oddzielnie, tak jak chcieliby, aby\u015bmy wierzyli. Mo\u017cemy przyjmowa\u0107 leki zgodnie z zaleceniami, a skutki uboczne mog\u0105 by\u0107 szkodliwe dla innych cz\u0119\u015bci naszego cia\u0142a. M\u00f3wi\u0105c delikatnie, mo\u017ce to by\u0107 sytuacja nie do wygrania. Dlatego zapu\u015bci\u0142am si\u0119 w \u015bwiat cia\u0142a, umys\u0142u i ducha, czytaj\u0105c i studiuj\u0105c wszystko, co mog\u0142am znale\u017a\u0107 na ten temat. <strong>Po raz kolejny uda\u0142o mi si\u0119 wyleczy\u0107. \u017badna operacja nie by\u0142a potrzebna.<\/strong>[\/vc_column_text][gem_divider margin_top=&#8221;30&#8243;][vc_column_text]<\/p>\n<div class=\"title-h4\" style=\"text-align: center;\"><strong>\u015awiat\u0142o, kt\u00f3re chc\u0119 nie\u015b\u0107 dalej<\/strong><\/div>\n<p>W tym samym czasie odkry\u0142am, \u017ce moje sk\u00f3rne naro\u015bla to czerniak. Moi przyjaciele, to by\u0142 rak\u2026 Rak, kt\u00f3rego mia\u0142am, by\u0142 jedn\u0105 z najbardziej \u015bmierciono\u015bnych form, jakie istniej\u0105. Jeden Amerykanin umiera na tego typu raka co godzin\u0119, poniewa\u017c szybko zabija. <strong>By\u0142am w stanie zatrzyma\u0107 jego wzrost za pomoc\u0105 leczniczego od\u017cywiania, organicznej suplementacji,&nbsp; a tak\u017ce podej\u015bcia umys\u0142-cia\u0142o (psychofizjologia).<\/strong><\/p>\n<p>Jestem bardzo szcz\u0119\u015bliwa i wdzi\u0119czna za to, \u017ce \u017cyj\u0119. Choroba, kt\u00f3r\u0105 pokona\u0142am, zmotywowa\u0142a mnie do m\u00f3wienia o tym, jak wa\u017cne jest podejmowanie \u015bwiadomych i przemy\u015blanych decyzji dotycz\u0105cych \u017cywno\u015bci, kt\u00f3r\u0105 jemy. <strong>Spo\u017cywanie odpowiednich pokarm\u00f3w, odtruwanie organizmu i zwracanie szczeg\u00f3lnej uwagi na si\u0142\u0119 emocji to najlepsze lekarstwo w zapobieganiu i wycofaniu chor\u00f3b.<\/strong> Na tle moich dotychczasowych problem\u00f3w zdrowotnych odkrycie to by\u0142o niczym jedno pasmo \u015bwiat\u0142a prowadz\u0105ce do drugiego. Od tego czasu zacz\u0119\u0142am z subtelno\u015bci\u0105 i od serca \u201eczu\u0107 si\u0119 inaczej\u201d, co znaczy <em>g\u0142\u0119biej w moim sercu i rado\u015bniej<\/em>, gdzie duchowo\u015b\u0107 \u015bwiata Boga (energia mi\u0142o\u015bci) podaje nam r\u0119k\u0119 w przeno\u015bni i dos\u0142ownie.[\/vc_column_text][gem_divider margin_top=&#8221;30&#8243;][vc_column_text]<\/p>\n<div class=\"title-h4\" style=\"text-align: center;\"><strong>Medycyna holistyczna<\/strong><\/div>\n<p>Przytocz\u0119 jeszcze jedn\u0105, ostatni\u0105 ju\u017c histori\u0119 (na tych stronach opisu). Pewnego dnia posz\u0142am do dentysty na rutynow\u0105 kontrol\u0119. Lekarz zdrapa\u0142 zewn\u0119trzn\u0105 powierzchni\u0119 moich wype\u0142nie\u0144 rt\u0119ciowych, aby zobaczy\u0107, co jest do zrobienia. W drodze do domu zacz\u0119\u0142am czu\u0107 si\u0119 s\u0142abo i bardzo rozbola\u0142a mnie g\u0142owa. W ci\u0105gu dw\u00f3ch godzin po wizycie wymiotowa\u0142am i czu\u0142am si\u0119 s\u0142aba.<\/p>\n<p>Kiedy obudzi\u0142am si\u0119 nast\u0119pnego ranka, zda\u0142am sobie spraw\u0119, \u017ce nie mog\u0142am w pe\u0142ni porusza\u0107 swoj\u0105 praw\u0105 nog\u0105. Mimo to uda\u0142o mi si\u0119 wsta\u0107 i p\u00f3j\u015b\u0107 do pracy. Po wielu badaniach odkry\u0142am, \u017ce zatrucie rt\u0119ci\u0105 spowodowa\u0142o w moim organizmie \u015bmier\u0107 kom\u00f3rek nerwowych, podobnie jak w przypadku stwardnienia rozsianego.&nbsp; <strong>By\u0142o to pora\u017cenie obwodowego uk\u0142adu nerwowego na oko\u0142o 90%!<\/strong><\/p>\n<p>Czas mija\u0142, a chodzenie by\u0142o bolesne i trudniejsze. Moje mi\u0119\u015bnie by\u0142y s\u0142abe z nieopisanego b\u00f3lu. <strong>Ale skupienie si\u0119 na umy\u015ble, ciele i duchu by\u0142o niezb\u0119dne\u2026 W\u0142a\u015bnie to holistyczne podej\u015bcie by\u0142o konieczne do wyleczenia.<\/strong> Dzi\u0119ki odpowiedniemu od\u017cywianiu i wykorzystaniu moich umiej\u0119tno\u015bci fizjoterapeutycznych w tym czasie przywr\u00f3cone zosta\u0142o prawid\u0142owe dzia\u0142anie mi\u0119\u015bni. Zatrucie rt\u0119ci\u0105 opu\u015bci\u0142o moje cia\u0142o dzi\u0119ki skutecznej metodzie codziennej detoksykacji, kt\u00f3r\u0105 stosowa\u0142am.[\/vc_column_text][gem_divider margin_top=&#8221;30&#8243;][vc_column_text]<\/p>\n<div class=\"title-h4\" style=\"text-align: center;\"><strong>Moja misja i cel<\/strong><\/div>\n<p>Nauczy\u0142am si\u0119 i zrozumia\u0142am, \u017ce sukces przychodzi wtedy, kiedy wytrwale i z mi\u0142o\u015bci\u0105, dzie\u0144 po dniu, robimy to, co kochamy, tworz\u0105c t\u0105 <strong>warto\u015b\u0107, kt\u00f3ra owocuje wielkim po\u017cytkiem dla wielu ludzi na drodze do lepszego jutra.<\/strong><\/p>\n<p>Pod\u0105\u017caj\u0105c w\u0142a\u015bnie t\u0105 wybran\u0105 \u015bcie\u017ck\u0105, nauczy\u0142am si\u0119 i zrozumia\u0142am, \u017ce ka\u017cdy sukces mo\u017ce by\u0107 osi\u0105gni\u0119ty, ka\u017cda choroba mo\u017ce by\u0107 pokonana, a przysz\u0142o\u015b\u0107 wype\u0142niona u\u015bmiechem, sukcesem i zdrowiem, gdzie wcze\u015bniejsze niepowodzenia, choroby i smutek zostaj\u0105 ju\u017c tylko przemijaj\u0105c\u0105 histori\u0105.<\/p>\n<p>Moj\u0105 misj\u0105 jest teraz poszerzenie Twojej \u015bwiadomo\u015bci i udzielenie ci wskaz\u00f3wek oraz wsparcia, aby\u015b by\u0142 najlepsz\u0105 wersj\u0105 samego siebie, na jak\u0105 zas\u0142ugujesz. Nawet je\u015bli jest tylko jedna osoba na sto, kt\u00f3ra pragnie zmiany w swoim \u017cyciu, <strong>jestem tu dla Ciebie<\/strong>. Pami\u0119taj, \u201e<strong><em>Zaufanie jest najwa\u017cniejszym elementem \u017cycia<\/em><\/strong>\u201d. Wyb\u00f3r nadal nale\u017cy do Ciebie i tylko do Ciebie.<\/p>\n<div class=\"styled-subtitle\" style=\"font-weight: 400; text-align: center;\">\u201eKiedy zaczniemy pog\u0142\u0119bia\u0107 nasze nierozerwalne po\u0142\u0105czenie ze \u017ar\u00f3d\u0142em Mi\u0142o\u015bci&#8230;<br \/>Strach, niepewno\u015b\u0107 i trwoga zaniknie\u201d<\/div>\n<div class=\"styled-subtitle\" style=\"text-align: right;\"><strong><em>Z Mi\u0142o\u015bci\u0105, Lidia Iwanowska<\/em><\/strong><\/div>\n<p>[\/vc_column_text][vc_row_inner css=&#8221;.vc_custom_1596758065657{margin-top: -400px !important;margin-bottom: 0px !important;background-image: url(|!|vcvUploadUrl|!|\/2020\/08\/linda2a-e1596757453209.png?id=31945) !important;background-position: 0 0 !important;background-repeat: no-repeat !important;}&#8221;][vc_column_inner css=&#8221;.vc_custom_1596756680788{margin-bottom: 0px !important;}&#8221;][gem_divider margin_top=&#8221;740&#8243; margin_bottom=&#8221;0&#8243;][\/vc_column_inner][\/vc_row_inner][\/vc_column][\/vc_row]<\/p>\n<\/div>\n<\/div>\n<p><!-- \/vcwb\/dynamicElementComment:60cdd990 --><\/div>\n<\/div>\n<\/div>\n<p><!-- \/vcwb\/dynamicElementComment:e3f33818 --><\/div>\n<\/div>\n<\/div>\n<p><!-- \/vcwb\/dynamicElementComment:5934d305 --><!--vcv no format--><\/p>","protected":false},"excerpt":{"rendered":"<p>[vc_row full_width=&#8221;stretch_row&#8221; css=&#8221;.vc_custom_1595378288839{margin-top: 0px !important;margin-bottom: 0px !important;background-image: url(|!|vcvUploadUrl|!|\/2019\/12\/woman2.jpg?id=30148) !important;background-position: center !important;background-repeat: no-repeat !important;background-size: cover !important;}&#8221;][vc_column css=&#8221;.vc_custom_1596755575418{background-position: 0 0 !important;background-repeat: no-repeat&#8230;<\/p>","protected":false},"author":1,"featured_media":0,"parent":0,"menu_order":0,"comment_status":"closed","ping_status":"closed","template":"page-fullwidth.php","meta":{"footnotes":""},"class_list":["post-31831","page","type-page","status-publish"],"yoast_head":"<!-- This site is optimized with the Yoast SEO plugin v26.4 - https:\/\/yoast.com\/wordpress\/plugins\/seo\/ -->\n<title>O Mnie (Demo) - Lidia Iwanowska - szcz\u0119\u015bcie i rozw\u00f3j<\/title>\n<meta name=\"robots\" content=\"index, follow, max-snippet:-1, max-image-preview:large, max-video-preview:-1\" \/>\n<link rel=\"canonical\" href=\"https:\/\/lidiaiwanowska.com\/en\/o-mnie\/\" \/>\n<meta property=\"og:locale\" content=\"en_US\" \/>\n<meta property=\"og:type\" content=\"article\" \/>\n<meta property=\"og:title\" content=\"O Mnie (Demo) - Lidia Iwanowska - szcz\u0119\u015bcie i rozw\u00f3j\" \/>\n<meta property=\"og:description\" content=\"[vc_row full_width=&#8221;stretch_row&#8221; css=&#8221;.vc_custom_1595378288839{margin-top: 0px !important;margin-bottom: 0px !important;background-image: url(|!|vcvUploadUrl|!|\/2019\/12\/woman2.jpg?id=30148) !important;background-position: center !important;background-repeat: no-repeat !important;background-size: cover !important;}&#8221;][vc_column css=&#8221;.vc_custom_1596755575418{background-position: 0 0 !important;background-repeat: no-repeat...\" \/>\n<meta property=\"og:url\" content=\"https:\/\/lidiaiwanowska.com\/en\/o-mnie\/\" \/>\n<meta property=\"og:site_name\" content=\"Lidia Iwanowska - szcz\u0119\u015bcie i rozw\u00f3j\" \/>\n<meta property=\"article:modified_time\" content=\"2025-12-16T13:38:35+00:00\" \/>\n<meta name=\"twitter:card\" content=\"summary_large_image\" \/>\n<meta name=\"twitter:label1\" content=\"Est. reading time\" \/>\n\t<meta name=\"twitter:data1\" content=\"9 minutes\" \/>\n<script type=\"application\/ld+json\" class=\"yoast-schema-graph\">{\"@context\":\"https:\/\/schema.org\",\"@graph\":[{\"@type\":\"WebPage\",\"@id\":\"https:\/\/lidiaiwanowska.com\/o-mnie\",\"url\":\"https:\/\/lidiaiwanowska.com\/o-mnie\",\"name\":\"O Mnie (Demo) - Lidia Iwanowska - szcz\u0119\u015bcie i rozw\u00f3j\",\"isPartOf\":{\"@id\":\"https:\/\/lidiaiwanowska.com\/#website\"},\"datePublished\":\"2020-07-22T00:56:52+00:00\",\"dateModified\":\"2025-12-16T13:38:35+00:00\",\"breadcrumb\":{\"@id\":\"https:\/\/lidiaiwanowska.com\/o-mnie#breadcrumb\"},\"inLanguage\":\"en-US\",\"potentialAction\":[{\"@type\":\"ReadAction\",\"target\":[\"https:\/\/lidiaiwanowska.com\/o-mnie\"]}]},{\"@type\":\"BreadcrumbList\",\"@id\":\"https:\/\/lidiaiwanowska.com\/o-mnie#breadcrumb\",\"itemListElement\":[{\"@type\":\"ListItem\",\"position\":1,\"name\":\"Home\",\"item\":\"https:\/\/lidiaiwanowska.com\/\"},{\"@type\":\"ListItem\",\"position\":2,\"name\":\"O Mnie (Demo)\"}]},{\"@type\":\"WebSite\",\"@id\":\"https:\/\/lidiaiwanowska.com\/#website\",\"url\":\"https:\/\/lidiaiwanowska.com\/\",\"name\":\"Lidia Iwanowska - szcz\u0119\u015bcie i rozw\u00f3j\",\"description\":\"\",\"publisher\":{\"@id\":\"https:\/\/lidiaiwanowska.com\/#\/schema\/person\/6694f1482f93fd94d9044fca53ff40e8\"},\"potentialAction\":[{\"@type\":\"SearchAction\",\"target\":{\"@type\":\"EntryPoint\",\"urlTemplate\":\"https:\/\/lidiaiwanowska.com\/?s={search_term_string}\"},\"query-input\":{\"@type\":\"PropertyValueSpecification\",\"valueRequired\":true,\"valueName\":\"search_term_string\"}}],\"inLanguage\":\"en-US\"},{\"@type\":[\"Person\",\"Organization\"],\"@id\":\"https:\/\/lidiaiwanowska.com\/#\/schema\/person\/6694f1482f93fd94d9044fca53ff40e8\",\"name\":\"Lidia Iwanowska\",\"image\":{\"@type\":\"ImageObject\",\"inLanguage\":\"en-US\",\"@id\":\"https:\/\/lidiaiwanowska.com\/#\/schema\/person\/image\/\",\"url\":\"https:\/\/lidiaiwanowska.com\/wp-content\/uploads\/2024\/04\/lidia-tlo-napisy.png\",\"contentUrl\":\"https:\/\/lidiaiwanowska.com\/wp-content\/uploads\/2024\/04\/lidia-tlo-napisy.png\",\"width\":1365,\"height\":2048,\"caption\":\"Lidia Iwanowska\"},\"logo\":{\"@id\":\"https:\/\/lidiaiwanowska.com\/#\/schema\/person\/image\/\"}}]}<\/script>\n<!-- \/ Yoast SEO plugin. -->","yoast_head_json":{"title":"O Mnie (Demo) - Lidia Iwanowska - szcz\u0119\u015bcie i rozw\u00f3j","robots":{"index":"index","follow":"follow","max-snippet":"max-snippet:-1","max-image-preview":"max-image-preview:large","max-video-preview":"max-video-preview:-1"},"canonical":"https:\/\/lidiaiwanowska.com\/en\/o-mnie\/","og_locale":"en_US","og_type":"article","og_title":"O Mnie (Demo) - Lidia Iwanowska - szcz\u0119\u015bcie i rozw\u00f3j","og_description":"[vc_row full_width=&#8221;stretch_row&#8221; css=&#8221;.vc_custom_1595378288839{margin-top: 0px !important;margin-bottom: 0px !important;background-image: url(|!|vcvUploadUrl|!|\/2019\/12\/woman2.jpg?id=30148) !important;background-position: center !important;background-repeat: no-repeat !important;background-size: cover !important;}&#8221;][vc_column css=&#8221;.vc_custom_1596755575418{background-position: 0 0 !important;background-repeat: no-repeat...","og_url":"https:\/\/lidiaiwanowska.com\/en\/o-mnie\/","og_site_name":"Lidia Iwanowska - szcz\u0119\u015bcie i rozw\u00f3j","article_modified_time":"2025-12-16T13:38:35+00:00","twitter_card":"summary_large_image","twitter_misc":{"Est. reading time":"9 minutes"},"schema":{"@context":"https:\/\/schema.org","@graph":[{"@type":"WebPage","@id":"https:\/\/lidiaiwanowska.com\/o-mnie","url":"https:\/\/lidiaiwanowska.com\/o-mnie","name":"O Mnie (Demo) - Lidia Iwanowska - szcz\u0119\u015bcie i rozw\u00f3j","isPartOf":{"@id":"https:\/\/lidiaiwanowska.com\/#website"},"datePublished":"2020-07-22T00:56:52+00:00","dateModified":"2025-12-16T13:38:35+00:00","breadcrumb":{"@id":"https:\/\/lidiaiwanowska.com\/o-mnie#breadcrumb"},"inLanguage":"en-US","potentialAction":[{"@type":"ReadAction","target":["https:\/\/lidiaiwanowska.com\/o-mnie"]}]},{"@type":"BreadcrumbList","@id":"https:\/\/lidiaiwanowska.com\/o-mnie#breadcrumb","itemListElement":[{"@type":"ListItem","position":1,"name":"Home","item":"https:\/\/lidiaiwanowska.com\/"},{"@type":"ListItem","position":2,"name":"O Mnie (Demo)"}]},{"@type":"WebSite","@id":"https:\/\/lidiaiwanowska.com\/#website","url":"https:\/\/lidiaiwanowska.com\/","name":"Lidia Iwanowska - szcz\u0119\u015bcie i rozw\u00f3j","description":"","publisher":{"@id":"https:\/\/lidiaiwanowska.com\/#\/schema\/person\/6694f1482f93fd94d9044fca53ff40e8"},"potentialAction":[{"@type":"SearchAction","target":{"@type":"EntryPoint","urlTemplate":"https:\/\/lidiaiwanowska.com\/?s={search_term_string}"},"query-input":{"@type":"PropertyValueSpecification","valueRequired":true,"valueName":"search_term_string"}}],"inLanguage":"en-US"},{"@type":["Person","Organization"],"@id":"https:\/\/lidiaiwanowska.com\/#\/schema\/person\/6694f1482f93fd94d9044fca53ff40e8","name":"Lidia Iwanowska","image":{"@type":"ImageObject","inLanguage":"en-US","@id":"https:\/\/lidiaiwanowska.com\/#\/schema\/person\/image\/","url":"https:\/\/lidiaiwanowska.com\/wp-content\/uploads\/2024\/04\/lidia-tlo-napisy.png","contentUrl":"https:\/\/lidiaiwanowska.com\/wp-content\/uploads\/2024\/04\/lidia-tlo-napisy.png","width":1365,"height":2048,"caption":"Lidia Iwanowska"},"logo":{"@id":"https:\/\/lidiaiwanowska.com\/#\/schema\/person\/image\/"}}]}},"_links":{"self":[{"href":"https:\/\/lidiaiwanowska.com\/en\/wp-json\/wp\/v2\/pages\/31831","targetHints":{"allow":["GET"]}}],"collection":[{"href":"https:\/\/lidiaiwanowska.com\/en\/wp-json\/wp\/v2\/pages"}],"about":[{"href":"https:\/\/lidiaiwanowska.com\/en\/wp-json\/wp\/v2\/types\/page"}],"author":[{"embeddable":true,"href":"https:\/\/lidiaiwanowska.com\/en\/wp-json\/wp\/v2\/users\/1"}],"replies":[{"embeddable":true,"href":"https:\/\/lidiaiwanowska.com\/en\/wp-json\/wp\/v2\/comments?post=31831"}],"version-history":[{"count":1,"href":"https:\/\/lidiaiwanowska.com\/en\/wp-json\/wp\/v2\/pages\/31831\/revisions"}],"predecessor-version":[{"id":37535,"href":"https:\/\/lidiaiwanowska.com\/en\/wp-json\/wp\/v2\/pages\/31831\/revisions\/37535"}],"wp:attachment":[{"href":"https:\/\/lidiaiwanowska.com\/en\/wp-json\/wp\/v2\/media?parent=31831"}],"curies":[{"name":"wp","href":"https:\/\/api.w.org\/{rel}","templated":true}]}}