{"id":33695,"date":"2024-02-03T00:38:26","date_gmt":"2024-02-03T00:38:26","guid":{"rendered":"https:\/\/lidiaiwanowska.com\/?page_id=33695"},"modified":"2025-12-16T13:39:01","modified_gmt":"2025-12-16T13:39:01","slug":"pytania","status":"publish","type":"page","link":"https:\/\/lidiaiwanowska.com\/en\/pytania","title":{"rendered":"pytania"},"content":{"rendered":"<div data-elementor-type=\"wp-page\" data-elementor-id=\"33695\" class=\"elementor elementor-33695\">\n\t\t\t\t<div class=\"elementor-element elementor-element-1b1a930 e-con-full thegem-e-con-layout-elementor e-flex e-con e-parent\" data-id=\"1b1a930\" data-element_type=\"container\" data-settings=\"{&quot;background_background&quot;:&quot;classic&quot;,&quot;thegem_container_layout&quot;:&quot;elementor&quot;}\">\r\n\t\t\t\t<\/div>\n\t\t<div class=\"elementor-element elementor-element-ae3bf8e thegem-e-con-layout-elementor e-flex e-con-boxed e-con e-parent\" data-id=\"ae3bf8e\" data-element_type=\"container\" data-settings=\"{&quot;thegem_container_layout&quot;:&quot;elementor&quot;}\">\r\n\t\t\t\t\t<div class=\"e-con-inner\">\r\n\t\t<div class=\"elementor-element elementor-element-d998208 e-con-full thegem-e-con-layout-elementor e-flex e-con e-child\" data-id=\"d998208\" data-element_type=\"container\" data-settings=\"{&quot;background_background&quot;:&quot;classic&quot;,&quot;thegem_container_layout&quot;:&quot;elementor&quot;}\">\r\n\t\t\t\t<\/div>\n\t\t<div class=\"elementor-element elementor-element-bd922d4 e-con-full thegem-e-con-layout-elementor e-flex e-con e-child\" data-id=\"bd922d4\" data-element_type=\"container\" data-settings=\"{&quot;thegem_container_layout&quot;:&quot;elementor&quot;}\">\r\n\t\t\t\t<div class=\"elementor-element elementor-element-a7fd41d elementor-icon-list--layout-traditional elementor-list-item-link-full_width flex-horizontal-align-default flex-horizontal-align-tablet-default flex-horizontal-align-mobile-default flex-vertical-align-default flex-vertical-align-tablet-default flex-vertical-align-mobile-default elementor-widget elementor-widget-icon-list\" data-id=\"a7fd41d\" data-element_type=\"widget\" data-widget_type=\"icon-list.default\">\n\t\t\t\t<div class=\"elementor-widget-container\">\n\t\t\t\t\t\t\t<ul class=\"elementor-icon-list-items\">\n\t\t\t\t\t\t\t<li class=\"elementor-icon-list-item\">\n\t\t\t\t\t\t\t\t\t\t\t<span class=\"elementor-icon-list-icon\">\n\t\t\t\t\t\t\t<i aria-hidden=\"true\" class=\"tgh-icon arrow_carrot-2right\"><\/i>\t\t\t\t\t\t<\/span>\n\t\t\t\t\t\t\t\t\t\t<span class=\"elementor-icon-list-text\">Czy masz momenty, gdy czujesz bezsilno\u015b\u0107?<\/span>\n\t\t\t\t\t\t\t\t\t<\/li>\n\t\t\t\t\t\t\t\t<li class=\"elementor-icon-list-item\">\n\t\t\t\t\t\t\t\t\t\t\t<span class=\"elementor-icon-list-icon\">\n\t\t\t\t\t\t\t<i aria-hidden=\"true\" class=\"tgh-icon arrow_carrot-2right\"><\/i>\t\t\t\t\t\t<\/span>\n\t\t\t\t\t\t\t\t\t\t<span class=\"elementor-icon-list-text\">Czy do\u015bwiadczasz  niepowodze\u0144 na wielu p\u0142aszczyznach swojego dojrza\u0142ego, osobistego i zdrowotnego \u017cycia?<\/span>\n\t\t\t\t\t\t\t\t\t<\/li>\n\t\t\t\t\t\t\t\t<li class=\"elementor-icon-list-item\">\n\t\t\t\t\t\t\t\t\t\t\t<span class=\"elementor-icon-list-icon\">\n\t\t\t\t\t\t\t<i aria-hidden=\"true\" class=\"tgh-icon arrow_carrot-2right\"><\/i>\t\t\t\t\t\t<\/span>\n\t\t\t\t\t\t\t\t\t\t<span class=\"elementor-icon-list-text\">Czy okazjonalnie lub cz\u0119\u015bciej prze\u017cywasz g\u0142\u0119bok\u0105 frustracj\u0119, niepewno\u015b\u0107, upokorzenia, za\u0142amanie, smutek, poirytowanie, \u017cal i poczucie swojej niskiej warto\u015bci?<\/span>\n\t\t\t\t\t\t\t\t\t<\/li>\n\t\t\t\t\t\t\t\t<li class=\"elementor-icon-list-item\">\n\t\t\t\t\t\t\t\t\t\t\t<span class=\"elementor-icon-list-icon\">\n\t\t\t\t\t\t\t<i aria-hidden=\"true\" class=\"tgh-icon arrow_carrot-2right\"><\/i>\t\t\t\t\t\t<\/span>\n\t\t\t\t\t\t\t\t\t\t<span class=\"elementor-icon-list-text\">Czy czujesz, \u017ce nadszed\u0142 czas, aby to zmieni\u0107 i... zacz\u0105\u0107 \u017cy\u0107 wed\u0142ug wzorca swojego serca, wype\u0142nionego Mi\u0142o\u015bci\u0105 i M\u0105dro\u015bci\u0105? <\/span>\n\t\t\t\t\t\t\t\t\t<\/li>\n\t\t\t\t\t\t<\/ul>\n\t\t\t\t\t\t<\/div>\n\t\t\t\t<\/div>\n\t\t\t\t<\/div>\n\t\t\t\t\t<\/div>\n\t\t\t\t<\/div>\n\t\t<div class=\"elementor-element elementor-element-1be2755 thegem-e-con-layout-elementor e-flex e-con-boxed e-con e-parent\" data-id=\"1be2755\" data-element_type=\"container\" data-settings=\"{&quot;thegem_container_layout&quot;:&quot;elementor&quot;}\">\r\n\t\t\t\t\t<div class=\"e-con-inner\">\r\n\t\t<div class=\"elementor-element elementor-element-171d886 e-con-full thegem-e-con-layout-elementor e-flex e-con e-child\" data-id=\"171d886\" data-element_type=\"container\" data-settings=\"{&quot;thegem_container_layout&quot;:&quot;elementor&quot;}\">\r\n\t\t\t\t<div class=\"elementor-element elementor-element-60ff582 flex-horizontal-align-default flex-horizontal-align-tablet-default flex-horizontal-align-mobile-default flex-vertical-align-default flex-vertical-align-tablet-default flex-vertical-align-mobile-default elementor-widget elementor-widget-text-editor\" data-id=\"60ff582\" data-element_type=\"widget\" data-widget_type=\"text-editor.default\">\n\t\t\t\t<div class=\"elementor-widget-container\">\n\t\t\t\t\t\t\t\t\t\t\t\t<div class=\"elementor-text-editor elementor-clearfix\">\r\n\t\t\t\t\t\t<h3>Masz pytanie? skontaktuj si\u0119 ze mn\u0105!<\/h3>\t\t\t\t\t\t\t<\/div>\r\n\t\t\t\t\t\t\t\t\t\t<\/div>\n\t\t\t\t<\/div>\n\t\t\t\t<\/div>\n\t\t<div class=\"elementor-element elementor-element-66bfced e-con-full thegem-e-con-layout-elementor e-flex e-con e-child\" data-id=\"66bfced\" data-element_type=\"container\" data-settings=\"{&quot;thegem_container_layout&quot;:&quot;elementor&quot;}\">\r\n\t\t\t\t<div class=\"elementor-element elementor-element-cbbc866 elementor-align-center flex-horizontal-align-default flex-horizontal-align-tablet-default flex-horizontal-align-mobile-default flex-vertical-align-default flex-vertical-align-tablet-default flex-vertical-align-mobile-default elementor-widget elementor-widget-button\" data-id=\"cbbc866\" data-element_type=\"widget\" data-widget_type=\"button.default\">\n\t\t\t\t<div class=\"elementor-widget-container\">\n\t\t\t\t\t\t\t\t\t<div class=\"elementor-button-wrapper\">\n\t\t\t\t\t<a class=\"elementor-button elementor-button-link elementor-size-sm\" href=\"https:\/\/wa.me\/12245235196\">\n\t\t\t\t\t\t<span class=\"elementor-button-content-wrapper\">\n\t\t\t\t\t\t\t\t\t<span class=\"elementor-button-text\">Napisz do mnie na WhatsApp<\/span>\n\t\t\t\t\t<\/span>\n\t\t\t\t\t<\/a>\n\t\t\t\t<\/div>\n\t\t\t\t\t\t\t\t<\/div>\n\t\t\t\t<\/div>\n\t\t\t\t<\/div>\n\t\t\t\t\t<\/div>\n\t\t\t\t<\/div>\n\t\t<div class=\"elementor-element elementor-element-18bdc9c thegem-e-con-layout-elementor e-flex e-con-boxed e-con e-parent\" data-id=\"18bdc9c\" data-element_type=\"container\" data-settings=\"{&quot;thegem_container_layout&quot;:&quot;elementor&quot;}\">\r\n\t\t\t\t\t<div class=\"e-con-inner\">\r\n\t\t\t\t<div class=\"elementor-element elementor-element-2ffe092 elementor-widget-divider--view-line flex-horizontal-align-default flex-horizontal-align-tablet-default flex-horizontal-align-mobile-default flex-vertical-align-default flex-vertical-align-tablet-default flex-vertical-align-mobile-default elementor-widget elementor-widget-divider\" data-id=\"2ffe092\" data-element_type=\"widget\" data-widget_type=\"divider.default\">\n\t\t\t\t<div class=\"elementor-widget-container\">\n\t\t\t\t\t\t\t<div class=\"elementor-divider\">\n\t\t\t<span class=\"elementor-divider-separator\">\n\t\t\t\t\t\t<\/span>\n\t\t<\/div>\n\t\t\t\t\t\t<\/div>\n\t\t\t\t<\/div>\n\t\t\t\t\t<\/div>\n\t\t\t\t<\/div>\n\t\t<div class=\"elementor-element elementor-element-4a4414d e-con-full thegem-e-con-layout-elementor e-flex e-con e-parent\" data-id=\"4a4414d\" data-element_type=\"container\" data-settings=\"{&quot;thegem_container_layout&quot;:&quot;elementor&quot;}\">\r\n\t\t<div class=\"elementor-element elementor-element-2b29bb2 e-con-full thegem-e-con-layout-elementor e-flex e-con e-child\" data-id=\"2b29bb2\" data-element_type=\"container\" data-settings=\"{&quot;background_background&quot;:&quot;classic&quot;,&quot;thegem_container_layout&quot;:&quot;elementor&quot;}\">\r\n\t\t\t\t<\/div>\n\t\t<div class=\"elementor-element elementor-element-4591d93 e-con-full thegem-e-con-layout-elementor e-flex e-con e-child\" data-id=\"4591d93\" data-element_type=\"container\" data-settings=\"{&quot;thegem_container_layout&quot;:&quot;elementor&quot;}\">\r\n\t\t\t\t<div class=\"elementor-element elementor-element-f014f77 elementor-widget__width-initial flex-horizontal-align-default flex-horizontal-align-tablet-default flex-horizontal-align-mobile-default flex-vertical-align-default flex-vertical-align-tablet-default flex-vertical-align-mobile-default elementor-widget elementor-widget-text-editor\" data-id=\"f014f77\" data-element_type=\"widget\" data-widget_type=\"text-editor.default\">\n\t\t\t\t<div class=\"elementor-widget-container\">\n\t\t\t\t\t\t\t\t\t\t\t\t<div class=\"elementor-text-editor elementor-clearfix\">\r\n\t\t\t\t\t\t<p style=\"text-align: center;\"><span class=\"light\">Masz mo\u017cliwo\u015b\u0107 wyboru pomi\u0119dzy dotychczasowym \u017cyciem, kt\u00f3re ju\u017c znasz, a \u017cyciem, kt\u00f3re wybierasz dzi\u0119ki swojemu wewn\u0119trznemu rozwojowi wraz ze mn\u0105.<\/span><\/p><p style=\"text-align: center;\"><span class=\"light\">Na nowej, \u015bwiadomej <strong>DRODZE \u017bYCIA<\/strong> i <strong>ZDROWIA<\/strong> uzyskasz umiej\u0119tno\u015b\u0107 rozwi\u0105zania kwestii \u017cyciowych i zdrowotnych, odpowiedzi na pytania, zagadnienia i dylematy.<\/span><\/p><p style=\"text-align: center;\"><span class=\"light\">To najwa\u017cniejszy krok w Twoim \u017cyciu, teraz i ze mn\u0105!<\/span><\/p><p style=\"text-align: center;\"><span class=\"light\">Zamie\u0144 mrok niesatysfakcjonuj\u0105cego \u017cycia i podupadaj\u0105cego zdrowia na <strong>\u015awiat\u0142o<\/strong> dzia\u0142ania i nie pozw\u00f3l nikomu za\u0107mi\u0107 blasku i <strong>Mi\u0142o\u015bci<\/strong> <strong>Swojego \u017bycia!<\/strong><\/span><\/p><p style=\"text-align: center;\"><span class=\"light\">B\u0105d\u017a tym <strong>\u015awiat\u0142em<\/strong> i <strong>Mi\u0142o\u015bci\u0105 <\/strong>dla siebie, czego \u017cycz\u0119 Ci z ca\u0142ego serca.<\/span><\/p><p style=\"text-align: center;\"><span class=\"light\">Z mi\u0142o\u015bci\u0105 dla twojego <strong>\u017cycia<\/strong> i <strong>zdrowia.<\/strong><\/span><\/p><p style=\"text-align: center;\"><span class=\"light\"><strong>\u00a0<\/strong><\/span><\/p><div class=\"title-h6\" style=\"text-align: center;\"><span class=\"light\"><strong>Lidia Iwanowska<\/strong><\/span><\/div><p style=\"text-align: center;\"><span class=\"light\">Natural Health Provider<\/span><\/p><p style=\"text-align: center;\"><span class=\"light\">Medycyny Holistycznej, Naturalnej i Integracyjnej<\/span><\/p><p style=\"text-align: center;\"><span class=\"light\">Health &amp; Life Coach<\/span><\/p><p style=\"text-align: center;\"><span class=\"light\">Instytut Rozwoju \u015awiadomo\u015bci dla zdrowia i \u017cycia<\/span><\/p>\t\t\t\t\t\t\t<\/div>\r\n\t\t\t\t\t\t\t\t\t\t<\/div>\n\t\t\t\t<\/div>\n\t\t\t\t<\/div>\n\t\t\t\t<\/div>\n\t\t<div class=\"elementor-element elementor-element-175a1be e-con-full thegem-e-con-layout-elementor e-flex e-con e-parent\" data-id=\"175a1be\" data-element_type=\"container\" data-settings=\"{&quot;thegem_container_layout&quot;:&quot;elementor&quot;}\">\r\n\t\t\t\t<div class=\"elementor-element elementor-element-1c58f01 flex-horizontal-align-default flex-horizontal-align-tablet-default flex-horizontal-align-mobile-default flex-vertical-align-default flex-vertical-align-tablet-default flex-vertical-align-mobile-default elementor-widget elementor-widget-spacer\" data-id=\"1c58f01\" data-element_type=\"widget\" data-widget_type=\"spacer.default\">\n\t\t\t\t<div class=\"elementor-widget-container\">\n\t\t\t\t\t\t\t<div class=\"elementor-spacer\">\n\t\t\t<div class=\"elementor-spacer-inner\"><\/div>\n\t\t<\/div>\n\t\t\t\t\t\t<\/div>\n\t\t\t\t<\/div>\n\t\t\t\t<div class=\"elementor-element elementor-element-0b70313 flex-horizontal-align-default flex-horizontal-align-tablet-default flex-horizontal-align-mobile-default flex-vertical-align-default flex-vertical-align-tablet-default flex-vertical-align-mobile-default elementor-widget elementor-widget-text-editor\" data-id=\"0b70313\" data-element_type=\"widget\" data-widget_type=\"text-editor.default\">\n\t\t\t\t<div class=\"elementor-widget-container\">\n\t\t\t\t\t\t\t\t\t\t\t\t<div class=\"elementor-text-editor elementor-clearfix\">\r\n\t\t\t\t\t\t<p style=\"text-align: center;\"><span style=\"color: #333399;\">Jak mog\u0119 Ci pom\u00f3c?<\/span><\/p>\t\t\t\t\t\t\t<\/div>\r\n\t\t\t\t\t\t\t\t\t\t<\/div>\n\t\t\t\t<\/div>\n\t\t\t\t<div class=\"elementor-element elementor-element-e19e68a flex-horizontal-align-default flex-horizontal-align-tablet-default flex-horizontal-align-mobile-default flex-vertical-align-default flex-vertical-align-tablet-default flex-vertical-align-mobile-default elementor-widget elementor-widget-text-editor\" data-id=\"e19e68a\" data-element_type=\"widget\" data-widget_type=\"text-editor.default\">\n\t\t\t\t<div class=\"elementor-widget-container\">\n\t\t\t\t\t\t\t\t\t\t\t\t<div class=\"elementor-text-editor elementor-clearfix\">\r\n\t\t\t\t\t\t<p style=\"text-align: center;\"><strong><span class=\"light\">Je\u015bli masz jakie\u015b pytania &#8211; wype\u0142nij formularz!<\/span><\/strong><\/p>\t\t\t\t\t\t\t<\/div>\r\n\t\t\t\t\t\t\t\t\t\t<\/div>\n\t\t\t\t<\/div>\n\t\t\t\t<\/div>\n\t\t<div class=\"elementor-element elementor-element-7a5cfdf thegem-e-con-layout-elementor e-flex e-con-boxed e-con e-parent\" data-id=\"7a5cfdf\" data-element_type=\"container\" data-settings=\"{&quot;thegem_container_layout&quot;:&quot;elementor&quot;}\">\r\n\t\t\t\t\t<div class=\"e-con-inner\">\r\n\t\t\t\t<div class=\"elementor-element elementor-element-330fcf5 flex-horizontal-align-default flex-horizontal-align-tablet-default flex-horizontal-align-mobile-default flex-vertical-align-default flex-vertical-align-tablet-default flex-vertical-align-mobile-default elementor-widget elementor-widget-thegem-contact-form7\" data-id=\"330fcf5\" data-element_type=\"widget\" data-settings=\"{&quot;thegem_elementor_preset&quot;:&quot;default&quot;}\" data-widget_type=\"thegem-contact-form7.default\">\n\t\t\t\t<div class=\"elementor-widget-container\">\n\t\t\t\t\t\n<div class=\"wpcf7 no-js\" id=\"wpcf7-f34081-o1\" lang=\"en-US\" dir=\"ltr\" data-wpcf7-id=\"34081\">\n<div class=\"screen-reader-response\"><p role=\"status\" aria-live=\"polite\" aria-atomic=\"true\"><\/p> <ul><\/ul><\/div>\n<form action=\"\/en\/wp-json\/wp\/v2\/pages\/33695#wpcf7-f34081-o1\" method=\"post\" class=\"wpcf7-form init thegem-cf7 form-330fcf5 label-top\" aria-label=\"Contact form\" novalidate=\"novalidate\" data-status=\"init\" data-trp-original-action=\"\/en\/wp-json\/wp\/v2\/pages\/33695#wpcf7-f34081-o1\">\n<fieldset class=\"hidden-fields-container\"><input type=\"hidden\" name=\"_wpcf7\" value=\"34081\" \/><input type=\"hidden\" name=\"_wpcf7_version\" value=\"6.1.3\" \/><input type=\"hidden\" name=\"_wpcf7_locale\" value=\"en_US\" \/><input type=\"hidden\" name=\"_wpcf7_unit_tag\" value=\"wpcf7-f34081-o1\" \/><input type=\"hidden\" name=\"_wpcf7_container_post\" value=\"0\" \/><input type=\"hidden\" name=\"_wpcf7_posted_data_hash\" value=\"\" \/>\n<\/fieldset>\n<label> Imi\u0119 i Nazwisko\n    <span class=\"wpcf7-form-control-wrap\" data-name=\"your-name\"><input size=\"40\" maxlength=\"400\" class=\"wpcf7-form-control wpcf7-text wpcf7-validates-as-required\" autocomplete=\"name\" aria-required=\"true\" aria-invalid=\"false\" value=\"\" type=\"text\" name=\"your-name\" \/><\/span> <\/label>\n\n<label> Tw\u00f3j email\n    <span class=\"wpcf7-form-control-wrap\" data-name=\"your-email\"><input size=\"40\" maxlength=\"400\" class=\"wpcf7-form-control wpcf7-email wpcf7-validates-as-required wpcf7-text wpcf7-validates-as-email\" autocomplete=\"email\" aria-required=\"true\" aria-invalid=\"false\" value=\"\" type=\"email\" name=\"your-email\" \/><\/span> <\/label>\n\n<label> Temat wiadomo\u015bci\n    <span class=\"wpcf7-form-control-wrap\" data-name=\"your-subject\"><input size=\"40\" maxlength=\"400\" class=\"wpcf7-form-control wpcf7-text wpcf7-validates-as-required\" aria-required=\"true\" aria-invalid=\"false\" value=\"\" type=\"text\" name=\"your-subject\" \/><\/span> <\/label>\n\n<label> Twoja wiadomo\u015b\u0107\n    <span class=\"wpcf7-form-control-wrap\" data-name=\"your-message\"><textarea cols=\"40\" rows=\"10\" maxlength=\"2000\" class=\"wpcf7-form-control wpcf7-textarea\" aria-invalid=\"false\" name=\"your-message\"><\/textarea><\/span> <\/label>\n\n<input class=\"wpcf7-form-control wpcf7-submit has-spinner\" type=\"submit\" value=\"WY\u015aLIJ\" \/><input type='hidden' class='wpcf7-pum' value='{\"closepopup\":false,\"closedelay\":0,\"openpopup\":false,\"openpopup_id\":0}' \/><div class=\"wpcf7-response-output\" aria-hidden=\"true\"><\/div>\n<input type=\"hidden\" name=\"trp-form-language\" value=\"en\"\/><\/form>\n<\/div>\n\t\t\t\t<\/div>\n\t\t\t\t<\/div>\n\t\t\t\t\t<\/div>\n\t\t\t\t<\/div>\n\t\t\t\t<\/div>","protected":false},"excerpt":{"rendered":"<p>Czy masz momenty, gdy czujesz bezsilno\u015b\u0107? Czy do\u015bwiadczasz niepowodze\u0144 na wielu p\u0142aszczyznach swojego dojrza\u0142ego, osobistego i zdrowotnego \u017cycia? Czy okazjonalnie&#8230;<\/p>","protected":false},"author":1,"featured_media":0,"parent":0,"menu_order":0,"comment_status":"closed","ping_status":"closed","template":"page-fullwidth.php","meta":{"footnotes":""},"class_list":["post-33695","page","type-page","status-publish"],"yoast_head":"<!-- This site is optimized with the Yoast SEO plugin v26.4 - https:\/\/yoast.com\/wordpress\/plugins\/seo\/ -->\n<title>pytania - Lidia Iwanowska - szcz\u0119\u015bcie i rozw\u00f3j<\/title>\n<meta name=\"robots\" content=\"index, follow, max-snippet:-1, max-image-preview:large, max-video-preview:-1\" \/>\n<link rel=\"canonical\" href=\"https:\/\/lidiaiwanowska.com\/en\/pytania\" \/>\n<meta property=\"og:locale\" content=\"en_US\" \/>\n<meta property=\"og:type\" content=\"article\" \/>\n<meta property=\"og:title\" content=\"pytania - Lidia Iwanowska - szcz\u0119\u015bcie i rozw\u00f3j\" \/>\n<meta property=\"og:description\" content=\"Czy masz momenty, gdy czujesz bezsilno\u015b\u0107? Czy do\u015bwiadczasz niepowodze\u0144 na wielu p\u0142aszczyznach swojego dojrza\u0142ego, osobistego i zdrowotnego \u017cycia? Czy okazjonalnie...\" \/>\n<meta property=\"og:url\" content=\"https:\/\/lidiaiwanowska.com\/en\/pytania\" \/>\n<meta property=\"og:site_name\" content=\"Lidia Iwanowska - szcz\u0119\u015bcie i rozw\u00f3j\" \/>\n<meta property=\"article:modified_time\" content=\"2025-12-16T13:39:01+00:00\" \/>\n<meta name=\"twitter:card\" content=\"summary_large_image\" \/>\n<meta name=\"twitter:label1\" content=\"Est. reading time\" \/>\n\t<meta name=\"twitter:data1\" content=\"2 minutes\" \/>\n<script type=\"application\/ld+json\" class=\"yoast-schema-graph\">{\"@context\":\"https:\/\/schema.org\",\"@graph\":[{\"@type\":\"WebPage\",\"@id\":\"https:\/\/lidiaiwanowska.com\/en\/pytania\",\"url\":\"https:\/\/lidiaiwanowska.com\/en\/pytania\",\"name\":\"pytania - Lidia Iwanowska - szcz\u0119\u015bcie i rozw\u00f3j\",\"isPartOf\":{\"@id\":\"https:\/\/lidiaiwanowska.com\/#website\"},\"datePublished\":\"2024-02-03T00:38:26+00:00\",\"dateModified\":\"2025-12-16T13:39:01+00:00\",\"breadcrumb\":{\"@id\":\"https:\/\/lidiaiwanowska.com\/en\/pytania#breadcrumb\"},\"inLanguage\":\"en-US\",\"potentialAction\":[{\"@type\":\"ReadAction\",\"target\":[\"https:\/\/lidiaiwanowska.com\/en\/pytania\"]}]},{\"@type\":\"BreadcrumbList\",\"@id\":\"https:\/\/lidiaiwanowska.com\/en\/pytania#breadcrumb\",\"itemListElement\":[{\"@type\":\"ListItem\",\"position\":1,\"name\":\"Home\",\"item\":\"https:\/\/lidiaiwanowska.com\/\"},{\"@type\":\"ListItem\",\"position\":2,\"name\":\"pytania\"}]},{\"@type\":\"WebSite\",\"@id\":\"https:\/\/lidiaiwanowska.com\/#website\",\"url\":\"https:\/\/lidiaiwanowska.com\/\",\"name\":\"Lidia Iwanowska - szcz\u0119\u015bcie i rozw\u00f3j\",\"description\":\"\",\"publisher\":{\"@id\":\"https:\/\/lidiaiwanowska.com\/#\/schema\/person\/6694f1482f93fd94d9044fca53ff40e8\"},\"potentialAction\":[{\"@type\":\"SearchAction\",\"target\":{\"@type\":\"EntryPoint\",\"urlTemplate\":\"https:\/\/lidiaiwanowska.com\/?s={search_term_string}\"},\"query-input\":{\"@type\":\"PropertyValueSpecification\",\"valueRequired\":true,\"valueName\":\"search_term_string\"}}],\"inLanguage\":\"en-US\"},{\"@type\":[\"Person\",\"Organization\"],\"@id\":\"https:\/\/lidiaiwanowska.com\/#\/schema\/person\/6694f1482f93fd94d9044fca53ff40e8\",\"name\":\"Lidia Iwanowska\",\"image\":{\"@type\":\"ImageObject\",\"inLanguage\":\"en-US\",\"@id\":\"https:\/\/lidiaiwanowska.com\/#\/schema\/person\/image\/\",\"url\":\"https:\/\/lidiaiwanowska.com\/wp-content\/uploads\/2024\/04\/lidia-tlo-napisy.png\",\"contentUrl\":\"https:\/\/lidiaiwanowska.com\/wp-content\/uploads\/2024\/04\/lidia-tlo-napisy.png\",\"width\":1365,\"height\":2048,\"caption\":\"Lidia Iwanowska\"},\"logo\":{\"@id\":\"https:\/\/lidiaiwanowska.com\/#\/schema\/person\/image\/\"}}]}<\/script>\n<!-- \/ Yoast SEO plugin. -->","yoast_head_json":{"title":"pytania - Lidia Iwanowska - szcz\u0119\u015bcie i rozw\u00f3j","robots":{"index":"index","follow":"follow","max-snippet":"max-snippet:-1","max-image-preview":"max-image-preview:large","max-video-preview":"max-video-preview:-1"},"canonical":"https:\/\/lidiaiwanowska.com\/en\/pytania","og_locale":"en_US","og_type":"article","og_title":"pytania - Lidia Iwanowska - szcz\u0119\u015bcie i rozw\u00f3j","og_description":"Czy masz momenty, gdy czujesz bezsilno\u015b\u0107? Czy do\u015bwiadczasz niepowodze\u0144 na wielu p\u0142aszczyznach swojego dojrza\u0142ego, osobistego i zdrowotnego \u017cycia? Czy okazjonalnie...","og_url":"https:\/\/lidiaiwanowska.com\/en\/pytania","og_site_name":"Lidia Iwanowska - szcz\u0119\u015bcie i rozw\u00f3j","article_modified_time":"2025-12-16T13:39:01+00:00","twitter_card":"summary_large_image","twitter_misc":{"Est. reading time":"2 minutes"},"schema":{"@context":"https:\/\/schema.org","@graph":[{"@type":"WebPage","@id":"https:\/\/lidiaiwanowska.com\/en\/pytania","url":"https:\/\/lidiaiwanowska.com\/en\/pytania","name":"pytania - Lidia Iwanowska - szcz\u0119\u015bcie i rozw\u00f3j","isPartOf":{"@id":"https:\/\/lidiaiwanowska.com\/#website"},"datePublished":"2024-02-03T00:38:26+00:00","dateModified":"2025-12-16T13:39:01+00:00","breadcrumb":{"@id":"https:\/\/lidiaiwanowska.com\/en\/pytania#breadcrumb"},"inLanguage":"en-US","potentialAction":[{"@type":"ReadAction","target":["https:\/\/lidiaiwanowska.com\/en\/pytania"]}]},{"@type":"BreadcrumbList","@id":"https:\/\/lidiaiwanowska.com\/en\/pytania#breadcrumb","itemListElement":[{"@type":"ListItem","position":1,"name":"Home","item":"https:\/\/lidiaiwanowska.com\/"},{"@type":"ListItem","position":2,"name":"pytania"}]},{"@type":"WebSite","@id":"https:\/\/lidiaiwanowska.com\/#website","url":"https:\/\/lidiaiwanowska.com\/","name":"Lidia Iwanowska - szcz\u0119\u015bcie i rozw\u00f3j","description":"","publisher":{"@id":"https:\/\/lidiaiwanowska.com\/#\/schema\/person\/6694f1482f93fd94d9044fca53ff40e8"},"potentialAction":[{"@type":"SearchAction","target":{"@type":"EntryPoint","urlTemplate":"https:\/\/lidiaiwanowska.com\/?s={search_term_string}"},"query-input":{"@type":"PropertyValueSpecification","valueRequired":true,"valueName":"search_term_string"}}],"inLanguage":"en-US"},{"@type":["Person","Organization"],"@id":"https:\/\/lidiaiwanowska.com\/#\/schema\/person\/6694f1482f93fd94d9044fca53ff40e8","name":"Lidia Iwanowska","image":{"@type":"ImageObject","inLanguage":"en-US","@id":"https:\/\/lidiaiwanowska.com\/#\/schema\/person\/image\/","url":"https:\/\/lidiaiwanowska.com\/wp-content\/uploads\/2024\/04\/lidia-tlo-napisy.png","contentUrl":"https:\/\/lidiaiwanowska.com\/wp-content\/uploads\/2024\/04\/lidia-tlo-napisy.png","width":1365,"height":2048,"caption":"Lidia Iwanowska"},"logo":{"@id":"https:\/\/lidiaiwanowska.com\/#\/schema\/person\/image\/"}}]}},"_links":{"self":[{"href":"https:\/\/lidiaiwanowska.com\/en\/wp-json\/wp\/v2\/pages\/33695","targetHints":{"allow":["GET"]}}],"collection":[{"href":"https:\/\/lidiaiwanowska.com\/en\/wp-json\/wp\/v2\/pages"}],"about":[{"href":"https:\/\/lidiaiwanowska.com\/en\/wp-json\/wp\/v2\/types\/page"}],"author":[{"embeddable":true,"href":"https:\/\/lidiaiwanowska.com\/en\/wp-json\/wp\/v2\/users\/1"}],"replies":[{"embeddable":true,"href":"https:\/\/lidiaiwanowska.com\/en\/wp-json\/wp\/v2\/comments?post=33695"}],"version-history":[{"count":105,"href":"https:\/\/lidiaiwanowska.com\/en\/wp-json\/wp\/v2\/pages\/33695\/revisions"}],"predecessor-version":[{"id":37193,"href":"https:\/\/lidiaiwanowska.com\/en\/wp-json\/wp\/v2\/pages\/33695\/revisions\/37193"}],"wp:attachment":[{"href":"https:\/\/lidiaiwanowska.com\/en\/wp-json\/wp\/v2\/media?parent=33695"}],"curies":[{"name":"wp","href":"https:\/\/api.w.org\/{rel}","templated":true}]}}