{"id":34071,"date":"2024-03-05T22:31:54","date_gmt":"2024-03-05T22:31:54","guid":{"rendered":"https:\/\/lidiaiwanowska.com\/?page_id=34071"},"modified":"2025-12-16T13:37:26","modified_gmt":"2025-12-16T13:37:26","slug":"kontakt","status":"publish","type":"page","link":"https:\/\/lidiaiwanowska.com\/en\/kontakt","title":{"rendered":"KONTAKT_old"},"content":{"rendered":"<div data-elementor-type=\"wp-page\" data-elementor-id=\"34071\" class=\"elementor elementor-34071\">\n\t\t\t\t<div class=\"elementor-element elementor-element-bba4e5a e-con-full thegem-e-con-layout-elementor e-flex e-con e-parent\" data-id=\"bba4e5a\" data-element_type=\"container\" data-settings=\"{&quot;background_background&quot;:&quot;classic&quot;,&quot;thegem_container_layout&quot;:&quot;elementor&quot;}\">\r\n\t\t<div class=\"elementor-element elementor-element-f9eaec7 elementor-hidden-desktop thegem-e-con-layout-elementor e-flex e-con-boxed e-con e-child\" data-id=\"f9eaec7\" data-element_type=\"container\" data-settings=\"{&quot;thegem_container_layout&quot;:&quot;elementor&quot;}\">\r\n\t\t\t\t\t<div class=\"e-con-inner\">\r\n\t\t\t\t<div class=\"elementor-element elementor-element-76d695a elementor-hidden-desktop elementor-hidden-tablet flex-horizontal-align-default flex-horizontal-align-tablet-default flex-horizontal-align-mobile-default flex-vertical-align-default flex-vertical-align-tablet-default flex-vertical-align-mobile-default elementor-widget elementor-widget-heading\" data-id=\"76d695a\" data-element_type=\"widget\" data-widget_type=\"heading.default\">\n\t\t\t\t<div class=\"elementor-widget-container\">\n\t\t\t\t\t<h2 class=\"elementor-heading-title elementor-size-default\">Kontakt<\/h2>\t\t\t\t<\/div>\n\t\t\t\t<\/div>\n\t\t\t\t\t<\/div>\n\t\t\t\t<\/div>\n\t\t<div class=\"elementor-element elementor-element-aa69a08 e-con-full thegem-e-con-layout-elementor e-flex e-con e-child\" data-id=\"aa69a08\" data-element_type=\"container\" data-settings=\"{&quot;thegem_container_layout&quot;:&quot;elementor&quot;}\">\r\n\t\t\t\t<div class=\"elementor-element elementor-element-b8e65d1 elementor-widget__width-initial flex-horizontal-align-default flex-horizontal-align-tablet-default flex-horizontal-align-mobile-default flex-vertical-align-default flex-vertical-align-tablet-default flex-vertical-align-mobile-default elementor-widget elementor-widget-text-editor\" data-id=\"b8e65d1\" data-element_type=\"widget\" data-widget_type=\"text-editor.default\">\n\t\t\t\t<div class=\"elementor-widget-container\">\n\t\t\t\t\t\t\t\t\t\t\t\t<div class=\"elementor-text-editor elementor-clearfix\">\r\n\t\t\t\t\t\t<p><a href=\"https:\/\/wa.me\/12245235196\">+1 (224) 523-5196<\/a><\/p>\t\t\t\t\t\t\t<\/div>\r\n\t\t\t\t\t\t\t\t\t\t<\/div>\n\t\t\t\t<\/div>\n\t\t\t\t<div class=\"elementor-element elementor-element-1caa3a0 elementor-view-default flex-horizontal-align-default flex-horizontal-align-tablet-default flex-horizontal-align-mobile-default flex-vertical-align-default flex-vertical-align-tablet-default flex-vertical-align-mobile-default elementor-widget elementor-widget-icon\" data-id=\"1caa3a0\" data-element_type=\"widget\" data-widget_type=\"icon.default\">\n\t\t\t\t<div class=\"elementor-widget-container\">\n\t\t\t\t\t\t\t<div class=\"elementor-icon-wrapper\">\n\t\t\t<a class=\"elementor-icon\" href=\"https:\/\/wa.me\/12245235196\">\n\t\t\t<svg aria-hidden=\"true\" class=\"e-font-icon-svg e-fab-whatsapp\" viewbox=\"0 0 448 512\" xmlns=\"http:\/\/www.w3.org\/2000\/svg\"><path d=\"M380.9 97.1C339 55.1 283.2 32 223.9 32c-122.4 0-222 99.6-222 222 0 39.1 10.2 77.3 29.6 111L0 480l117.7-30.9c32.4 17.7 68.9 27 106.1 27h.1c122.3 0 224.1-99.6 224.1-222 0-59.3-25.2-115-67.1-157zm-157 341.6c-33.2 0-65.7-8.9-94-25.7l-6.7-4-69.8 18.3L72 359.2l-4.4-7c-18.5-29.4-28.2-63.3-28.2-98.2 0-101.7 82.8-184.5 184.6-184.5 49.3 0 95.6 19.2 130.4 54.1 34.8 34.9 56.2 81.2 56.1 130.5 0 101.8-84.9 184.6-186.6 184.6zm101.2-138.2c-5.5-2.8-32.8-16.2-37.9-18-5.1-1.9-8.8-2.8-12.5 2.8-3.7 5.6-14.3 18-17.6 21.8-3.2 3.7-6.5 4.2-12 1.4-32.6-16.3-54-29.1-75.5-66-5.7-9.8 5.7-9.1 16.3-30.3 1.8-3.7.9-6.9-.5-9.7-1.4-2.8-12.5-30.1-17.1-41.2-4.5-10.8-9.1-9.3-12.5-9.5-3.2-.2-6.9-.2-10.6-.2-3.7 0-9.7 1.4-14.8 6.9-5.1 5.6-19.4 19-19.4 46.3 0 27.3 19.9 53.7 22.6 57.4 2.8 3.7 39.1 59.7 94.8 83.8 35.2 15.2 49 16.5 66.6 13.9 10.7-1.6 32.8-13.4 37.4-26.4 4.6-13 4.6-24.1 3.2-26.4-1.3-2.5-5-3.9-10.5-6.6z\"><\/path><\/svg>\t\t\t<\/a>\n\t\t<\/div>\n\t\t\t\t\t\t<\/div>\n\t\t\t\t<\/div>\n\t\t\t\t<\/div>\n\t\t<div class=\"elementor-element elementor-element-0c26f69 e-con-full thegem-e-con-layout-elementor e-flex e-con e-child\" data-id=\"0c26f69\" data-element_type=\"container\" data-settings=\"{&quot;thegem_container_layout&quot;:&quot;elementor&quot;}\">\r\n\t\t\t\t<div class=\"elementor-element elementor-element-0c196fd elementor-widget__width-initial flex-horizontal-align-default flex-horizontal-align-tablet-default flex-horizontal-align-mobile-default flex-vertical-align-default flex-vertical-align-tablet-default flex-vertical-align-mobile-default elementor-widget elementor-widget-text-editor\" data-id=\"0c196fd\" data-element_type=\"widget\" data-widget_type=\"text-editor.default\">\n\t\t\t\t<div class=\"elementor-widget-container\">\n\t\t\t\t\t\t\t\t\t\t\t\t<div class=\"elementor-text-editor elementor-clearfix\">\r\n\t\t\t\t\t\t<p><a href=\"https:\/\/www.instagram.com\/lidia.iwanowska\/\">@lidia.iwanowska<\/a><\/p>\t\t\t\t\t\t\t<\/div>\r\n\t\t\t\t\t\t\t\t\t\t<\/div>\n\t\t\t\t<\/div>\n\t\t\t\t<div class=\"elementor-element elementor-element-6e701cd elementor-view-default flex-horizontal-align-default flex-horizontal-align-tablet-default flex-horizontal-align-mobile-default flex-vertical-align-default flex-vertical-align-tablet-default flex-vertical-align-mobile-default elementor-widget elementor-widget-icon\" data-id=\"6e701cd\" data-element_type=\"widget\" data-widget_type=\"icon.default\">\n\t\t\t\t<div class=\"elementor-widget-container\">\n\t\t\t\t\t\t\t<div class=\"elementor-icon-wrapper\">\n\t\t\t<a class=\"elementor-icon\" href=\"https:\/\/www.instagram.com\/lidia.iwanowska\/\">\n\t\t\t<svg aria-hidden=\"true\" class=\"e-font-icon-svg e-fab-instagram\" viewbox=\"0 0 448 512\" xmlns=\"http:\/\/www.w3.org\/2000\/svg\"><path d=\"M224.1 141c-63.6 0-114.9 51.3-114.9 114.9s51.3 114.9 114.9 114.9S339 319.5 339 255.9 287.7 141 224.1 141zm0 189.6c-41.1 0-74.7-33.5-74.7-74.7s33.5-74.7 74.7-74.7 74.7 33.5 74.7 74.7-33.6 74.7-74.7 74.7zm146.4-194.3c0 14.9-12 26.8-26.8 26.8-14.9 0-26.8-12-26.8-26.8s12-26.8 26.8-26.8 26.8 12 26.8 26.8zm76.1 27.2c-1.7-35.9-9.9-67.7-36.2-93.9-26.2-26.2-58-34.4-93.9-36.2-37-2.1-147.9-2.1-184.9 0-35.8 1.7-67.6 9.9-93.9 36.1s-34.4 58-36.2 93.9c-2.1 37-2.1 147.9 0 184.9 1.7 35.9 9.9 67.7 36.2 93.9s58 34.4 93.9 36.2c37 2.1 147.9 2.1 184.9 0 35.9-1.7 67.7-9.9 93.9-36.2 26.2-26.2 34.4-58 36.2-93.9 2.1-37 2.1-147.8 0-184.8zM398.8 388c-7.8 19.6-22.9 34.7-42.6 42.6-29.5 11.7-99.5 9-132.1 9s-102.7 2.6-132.1-9c-19.6-7.8-34.7-22.9-42.6-42.6-11.7-29.5-9-99.5-9-132.1s-2.6-102.7 9-132.1c7.8-19.6 22.9-34.7 42.6-42.6 29.5-11.7 99.5-9 132.1-9s102.7-2.6 132.1 9c19.6 7.8 34.7 22.9 42.6 42.6 11.7 29.5 9 99.5 9 132.1s2.7 102.7-9 132.1z\"><\/path><\/svg>\t\t\t<\/a>\n\t\t<\/div>\n\t\t\t\t\t\t<\/div>\n\t\t\t\t<\/div>\n\t\t\t\t<\/div>\n\t\t<div class=\"elementor-element elementor-element-5635db0 e-con-full thegem-e-con-layout-elementor e-flex e-con e-child\" data-id=\"5635db0\" data-element_type=\"container\" data-settings=\"{&quot;thegem_container_layout&quot;:&quot;elementor&quot;}\">\r\n\t\t\t\t<div class=\"elementor-element elementor-element-c4b9ac4 elementor-widget__width-initial flex-horizontal-align-default flex-horizontal-align-tablet-default flex-horizontal-align-mobile-default flex-vertical-align-default flex-vertical-align-tablet-default flex-vertical-align-mobile-default elementor-widget elementor-widget-text-editor\" data-id=\"c4b9ac4\" data-element_type=\"widget\" data-widget_type=\"text-editor.default\">\n\t\t\t\t<div class=\"elementor-widget-container\">\n\t\t\t\t\t\t\t\t\t\t\t\t<div class=\"elementor-text-editor elementor-clearfix\">\r\n\t\t\t\t\t\t<p>lidia.healthchampions@gmail.com&nbsp;<br><\/p>\t\t\t\t\t\t\t<\/div>\r\n\t\t\t\t\t\t\t\t\t\t<\/div>\n\t\t\t\t<\/div>\n\t\t\t\t<div class=\"elementor-element elementor-element-48987fb elementor-view-default flex-horizontal-align-default flex-horizontal-align-tablet-default flex-horizontal-align-mobile-default flex-vertical-align-default flex-vertical-align-tablet-default flex-vertical-align-mobile-default elementor-widget elementor-widget-icon\" data-id=\"48987fb\" data-element_type=\"widget\" data-widget_type=\"icon.default\">\n\t\t\t\t<div class=\"elementor-widget-container\">\n\t\t\t\t\t\t\t<div class=\"elementor-icon-wrapper\">\n\t\t\t<div class=\"elementor-icon\">\n\t\t\t<i aria-hidden=\"true\" class=\"tgh-icon mail\"><\/i>\t\t\t<\/div>\n\t\t<\/div>\n\t\t\t\t\t\t<\/div>\n\t\t\t\t<\/div>\n\t\t\t\t<\/div>\n\t\t\t\t<\/div>\n\t\t<div class=\"elementor-element elementor-element-8c7be19 thegem-e-con-layout-elementor e-flex e-con-boxed e-con e-parent\" data-id=\"8c7be19\" data-element_type=\"container\" data-settings=\"{&quot;thegem_container_layout&quot;:&quot;elementor&quot;}\">\r\n\t\t\t\t\t<div class=\"e-con-inner\">\r\n\t\t\t\t<div class=\"elementor-element elementor-element-3d4c141 flex-horizontal-align-default flex-horizontal-align-tablet-default flex-horizontal-align-mobile-default flex-vertical-align-default flex-vertical-align-tablet-default flex-vertical-align-mobile-default elementor-widget elementor-widget-text-editor\" data-id=\"3d4c141\" data-element_type=\"widget\" data-widget_type=\"text-editor.default\">\n\t\t\t\t<div class=\"elementor-widget-container\">\n\t\t\t\t\t\t\t\t\t\t\t\t<div class=\"elementor-text-editor elementor-clearfix\">\r\n\t\t\t\t\t\t<h4 style=\"text-align: center;\">Masz pytania lub potrzebujesz pomocy?<\/h4><h6 style=\"text-align: center;\">Skontaktuj si\u0119 ze mn\u0105 \u2013 wy\u015blij wiadomo\u015b\u0107 lub zadzwo\u0144<\/h6>\t\t\t\t\t\t\t<\/div>\r\n\t\t\t\t\t\t\t\t\t\t<\/div>\n\t\t\t\t<\/div>\n\t\t\t\t\t<\/div>\n\t\t\t\t<\/div>\n\t\t<div class=\"elementor-element elementor-element-8e296da thegem-e-con-layout-elementor e-flex e-con-boxed e-con e-parent\" data-id=\"8e296da\" data-element_type=\"container\" data-settings=\"{&quot;thegem_container_layout&quot;:&quot;elementor&quot;}\">\r\n\t\t\t\t\t<div class=\"e-con-inner\">\r\n\t\t\t\t<div class=\"elementor-element elementor-element-8fbb977 flex-horizontal-align-default flex-horizontal-align-tablet-default flex-horizontal-align-mobile-default flex-vertical-align-default flex-vertical-align-tablet-default flex-vertical-align-mobile-default elementor-widget elementor-widget-thegem-contact-form7\" data-id=\"8fbb977\" data-element_type=\"widget\" data-settings=\"{&quot;thegem_elementor_preset&quot;:&quot;default&quot;}\" data-widget_type=\"thegem-contact-form7.default\">\n\t\t\t\t<div class=\"elementor-widget-container\">\n\t\t\t\t\t\n<div class=\"wpcf7 no-js\" id=\"wpcf7-f34081-o1\" lang=\"en-US\" dir=\"ltr\" data-wpcf7-id=\"34081\">\n<div class=\"screen-reader-response\"><p role=\"status\" aria-live=\"polite\" aria-atomic=\"true\"><\/p> <ul><\/ul><\/div>\n<form action=\"\/en\/wp-json\/wp\/v2\/pages\/34071#wpcf7-f34081-o1\" method=\"post\" class=\"wpcf7-form init thegem-cf7 form-8fbb977 label-top\" aria-label=\"Contact form\" novalidate=\"novalidate\" data-status=\"init\" data-trp-original-action=\"\/en\/wp-json\/wp\/v2\/pages\/34071#wpcf7-f34081-o1\">\n<fieldset class=\"hidden-fields-container\"><input type=\"hidden\" name=\"_wpcf7\" value=\"34081\" \/><input type=\"hidden\" name=\"_wpcf7_version\" value=\"6.1.3\" \/><input type=\"hidden\" name=\"_wpcf7_locale\" value=\"en_US\" \/><input type=\"hidden\" name=\"_wpcf7_unit_tag\" value=\"wpcf7-f34081-o1\" \/><input type=\"hidden\" name=\"_wpcf7_container_post\" value=\"0\" \/><input type=\"hidden\" name=\"_wpcf7_posted_data_hash\" value=\"\" \/>\n<\/fieldset>\n<label> Imi\u0119 i Nazwisko\n    <span class=\"wpcf7-form-control-wrap\" data-name=\"your-name\"><input size=\"40\" maxlength=\"400\" class=\"wpcf7-form-control wpcf7-text wpcf7-validates-as-required\" autocomplete=\"name\" aria-required=\"true\" aria-invalid=\"false\" value=\"\" type=\"text\" name=\"your-name\" \/><\/span> <\/label>\n\n<label> Tw\u00f3j email\n    <span class=\"wpcf7-form-control-wrap\" data-name=\"your-email\"><input size=\"40\" maxlength=\"400\" class=\"wpcf7-form-control wpcf7-email wpcf7-validates-as-required wpcf7-text wpcf7-validates-as-email\" autocomplete=\"email\" aria-required=\"true\" aria-invalid=\"false\" value=\"\" type=\"email\" name=\"your-email\" \/><\/span> <\/label>\n\n<label> Temat wiadomo\u015bci\n    <span class=\"wpcf7-form-control-wrap\" data-name=\"your-subject\"><input size=\"40\" maxlength=\"400\" class=\"wpcf7-form-control wpcf7-text wpcf7-validates-as-required\" aria-required=\"true\" aria-invalid=\"false\" value=\"\" type=\"text\" name=\"your-subject\" \/><\/span> <\/label>\n\n<label> Twoja wiadomo\u015b\u0107\n    <span class=\"wpcf7-form-control-wrap\" data-name=\"your-message\"><textarea cols=\"40\" rows=\"10\" maxlength=\"2000\" class=\"wpcf7-form-control wpcf7-textarea\" aria-invalid=\"false\" name=\"your-message\"><\/textarea><\/span> <\/label>\n\n<input class=\"wpcf7-form-control wpcf7-submit has-spinner\" type=\"submit\" value=\"WY\u015aLIJ\" \/><input type='hidden' class='wpcf7-pum' value='{\"closepopup\":false,\"closedelay\":0,\"openpopup\":false,\"openpopup_id\":0}' \/><div class=\"wpcf7-response-output\" aria-hidden=\"true\"><\/div>\n<input type=\"hidden\" name=\"trp-form-language\" value=\"en\"\/><\/form>\n<\/div>\n\t\t\t\t<\/div>\n\t\t\t\t<\/div>\n\t\t\t\t\t<\/div>\n\t\t\t\t<\/div>\n\t\t\t\t<\/div>","protected":false},"excerpt":{"rendered":"<p>Kontakt +1 (224) 523-5196 @lidia.iwanowska lidia.healthchampions@gmail.com&nbsp; Masz pytania lub potrzebujesz pomocy? Skontaktuj si\u0119 ze mn\u0105 \u2013 wy\u015blij wiadomo\u015b\u0107 lub zadzwo\u0144&#8230;<\/p>","protected":false},"author":1,"featured_media":0,"parent":0,"menu_order":0,"comment_status":"closed","ping_status":"closed","template":"page-fullwidth.php","meta":{"footnotes":""},"class_list":["post-34071","page","type-page","status-publish"],"yoast_head":"<!-- This site is optimized with the Yoast SEO plugin v26.4 - https:\/\/yoast.com\/wordpress\/plugins\/seo\/ -->\n<title>KONTAKT_old - Lidia Iwanowska - szcz\u0119\u015bcie i rozw\u00f3j<\/title>\n<meta name=\"robots\" content=\"index, follow, max-snippet:-1, max-image-preview:large, max-video-preview:-1\" \/>\n<link rel=\"canonical\" href=\"https:\/\/lidiaiwanowska.com\/en\/kontakt\/\" \/>\n<meta property=\"og:locale\" content=\"en_US\" \/>\n<meta property=\"og:type\" content=\"article\" \/>\n<meta property=\"og:title\" content=\"KONTAKT_old - Lidia Iwanowska - szcz\u0119\u015bcie i rozw\u00f3j\" \/>\n<meta property=\"og:description\" content=\"Kontakt +1 (224) 523-5196 @lidia.iwanowska lidia.healthchampions@gmail.com&nbsp; Masz pytania lub potrzebujesz pomocy? Skontaktuj si\u0119 ze mn\u0105 \u2013 wy\u015blij wiadomo\u015b\u0107 lub zadzwo\u0144...\" \/>\n<meta property=\"og:url\" content=\"https:\/\/lidiaiwanowska.com\/en\/kontakt\/\" \/>\n<meta property=\"og:site_name\" content=\"Lidia Iwanowska - szcz\u0119\u015bcie i rozw\u00f3j\" \/>\n<meta property=\"article:modified_time\" content=\"2025-12-16T13:37:26+00:00\" \/>\n<meta name=\"twitter:card\" content=\"summary_large_image\" \/>\n<meta name=\"twitter:label1\" content=\"Est. reading time\" \/>\n\t<meta name=\"twitter:data1\" content=\"1 minute\" \/>\n<script type=\"application\/ld+json\" class=\"yoast-schema-graph\">{\"@context\":\"https:\/\/schema.org\",\"@graph\":[{\"@type\":\"WebPage\",\"@id\":\"https:\/\/lidiaiwanowska.com\/kontakt\",\"url\":\"https:\/\/lidiaiwanowska.com\/kontakt\",\"name\":\"KONTAKT_old - Lidia Iwanowska - szcz\u0119\u015bcie i rozw\u00f3j\",\"isPartOf\":{\"@id\":\"https:\/\/lidiaiwanowska.com\/#website\"},\"datePublished\":\"2024-03-05T22:31:54+00:00\",\"dateModified\":\"2025-12-16T13:37:26+00:00\",\"breadcrumb\":{\"@id\":\"https:\/\/lidiaiwanowska.com\/kontakt#breadcrumb\"},\"inLanguage\":\"en-US\",\"potentialAction\":[{\"@type\":\"ReadAction\",\"target\":[\"https:\/\/lidiaiwanowska.com\/kontakt\"]}]},{\"@type\":\"BreadcrumbList\",\"@id\":\"https:\/\/lidiaiwanowska.com\/kontakt#breadcrumb\",\"itemListElement\":[{\"@type\":\"ListItem\",\"position\":1,\"name\":\"Home\",\"item\":\"https:\/\/lidiaiwanowska.com\/\"},{\"@type\":\"ListItem\",\"position\":2,\"name\":\"KONTAKT_old\"}]},{\"@type\":\"WebSite\",\"@id\":\"https:\/\/lidiaiwanowska.com\/#website\",\"url\":\"https:\/\/lidiaiwanowska.com\/\",\"name\":\"Lidia Iwanowska - szcz\u0119\u015bcie i rozw\u00f3j\",\"description\":\"\",\"publisher\":{\"@id\":\"https:\/\/lidiaiwanowska.com\/#\/schema\/person\/6694f1482f93fd94d9044fca53ff40e8\"},\"potentialAction\":[{\"@type\":\"SearchAction\",\"target\":{\"@type\":\"EntryPoint\",\"urlTemplate\":\"https:\/\/lidiaiwanowska.com\/?s={search_term_string}\"},\"query-input\":{\"@type\":\"PropertyValueSpecification\",\"valueRequired\":true,\"valueName\":\"search_term_string\"}}],\"inLanguage\":\"en-US\"},{\"@type\":[\"Person\",\"Organization\"],\"@id\":\"https:\/\/lidiaiwanowska.com\/#\/schema\/person\/6694f1482f93fd94d9044fca53ff40e8\",\"name\":\"Lidia Iwanowska\",\"image\":{\"@type\":\"ImageObject\",\"inLanguage\":\"en-US\",\"@id\":\"https:\/\/lidiaiwanowska.com\/#\/schema\/person\/image\/\",\"url\":\"https:\/\/lidiaiwanowska.com\/wp-content\/uploads\/2024\/04\/lidia-tlo-napisy.png\",\"contentUrl\":\"https:\/\/lidiaiwanowska.com\/wp-content\/uploads\/2024\/04\/lidia-tlo-napisy.png\",\"width\":1365,\"height\":2048,\"caption\":\"Lidia Iwanowska\"},\"logo\":{\"@id\":\"https:\/\/lidiaiwanowska.com\/#\/schema\/person\/image\/\"}}]}<\/script>\n<!-- \/ Yoast SEO plugin. -->","yoast_head_json":{"title":"KONTAKT_old - Lidia Iwanowska - szcz\u0119\u015bcie i rozw\u00f3j","robots":{"index":"index","follow":"follow","max-snippet":"max-snippet:-1","max-image-preview":"max-image-preview:large","max-video-preview":"max-video-preview:-1"},"canonical":"https:\/\/lidiaiwanowska.com\/en\/kontakt\/","og_locale":"en_US","og_type":"article","og_title":"KONTAKT_old - Lidia Iwanowska - szcz\u0119\u015bcie i rozw\u00f3j","og_description":"Kontakt +1 (224) 523-5196 @lidia.iwanowska lidia.healthchampions@gmail.com&nbsp; Masz pytania lub potrzebujesz pomocy? Skontaktuj si\u0119 ze mn\u0105 \u2013 wy\u015blij wiadomo\u015b\u0107 lub zadzwo\u0144...","og_url":"https:\/\/lidiaiwanowska.com\/en\/kontakt\/","og_site_name":"Lidia Iwanowska - szcz\u0119\u015bcie i rozw\u00f3j","article_modified_time":"2025-12-16T13:37:26+00:00","twitter_card":"summary_large_image","twitter_misc":{"Est. reading time":"1 minute"},"schema":{"@context":"https:\/\/schema.org","@graph":[{"@type":"WebPage","@id":"https:\/\/lidiaiwanowska.com\/kontakt","url":"https:\/\/lidiaiwanowska.com\/kontakt","name":"KONTAKT_old - Lidia Iwanowska - szcz\u0119\u015bcie i rozw\u00f3j","isPartOf":{"@id":"https:\/\/lidiaiwanowska.com\/#website"},"datePublished":"2024-03-05T22:31:54+00:00","dateModified":"2025-12-16T13:37:26+00:00","breadcrumb":{"@id":"https:\/\/lidiaiwanowska.com\/kontakt#breadcrumb"},"inLanguage":"en-US","potentialAction":[{"@type":"ReadAction","target":["https:\/\/lidiaiwanowska.com\/kontakt"]}]},{"@type":"BreadcrumbList","@id":"https:\/\/lidiaiwanowska.com\/kontakt#breadcrumb","itemListElement":[{"@type":"ListItem","position":1,"name":"Home","item":"https:\/\/lidiaiwanowska.com\/"},{"@type":"ListItem","position":2,"name":"KONTAKT_old"}]},{"@type":"WebSite","@id":"https:\/\/lidiaiwanowska.com\/#website","url":"https:\/\/lidiaiwanowska.com\/","name":"Lidia Iwanowska - szcz\u0119\u015bcie i rozw\u00f3j","description":"","publisher":{"@id":"https:\/\/lidiaiwanowska.com\/#\/schema\/person\/6694f1482f93fd94d9044fca53ff40e8"},"potentialAction":[{"@type":"SearchAction","target":{"@type":"EntryPoint","urlTemplate":"https:\/\/lidiaiwanowska.com\/?s={search_term_string}"},"query-input":{"@type":"PropertyValueSpecification","valueRequired":true,"valueName":"search_term_string"}}],"inLanguage":"en-US"},{"@type":["Person","Organization"],"@id":"https:\/\/lidiaiwanowska.com\/#\/schema\/person\/6694f1482f93fd94d9044fca53ff40e8","name":"Lidia Iwanowska","image":{"@type":"ImageObject","inLanguage":"en-US","@id":"https:\/\/lidiaiwanowska.com\/#\/schema\/person\/image\/","url":"https:\/\/lidiaiwanowska.com\/wp-content\/uploads\/2024\/04\/lidia-tlo-napisy.png","contentUrl":"https:\/\/lidiaiwanowska.com\/wp-content\/uploads\/2024\/04\/lidia-tlo-napisy.png","width":1365,"height":2048,"caption":"Lidia Iwanowska"},"logo":{"@id":"https:\/\/lidiaiwanowska.com\/#\/schema\/person\/image\/"}}]}},"_links":{"self":[{"href":"https:\/\/lidiaiwanowska.com\/en\/wp-json\/wp\/v2\/pages\/34071","targetHints":{"allow":["GET"]}}],"collection":[{"href":"https:\/\/lidiaiwanowska.com\/en\/wp-json\/wp\/v2\/pages"}],"about":[{"href":"https:\/\/lidiaiwanowska.com\/en\/wp-json\/wp\/v2\/types\/page"}],"author":[{"embeddable":true,"href":"https:\/\/lidiaiwanowska.com\/en\/wp-json\/wp\/v2\/users\/1"}],"replies":[{"embeddable":true,"href":"https:\/\/lidiaiwanowska.com\/en\/wp-json\/wp\/v2\/comments?post=34071"}],"version-history":[{"count":41,"href":"https:\/\/lidiaiwanowska.com\/en\/wp-json\/wp\/v2\/pages\/34071\/revisions"}],"predecessor-version":[{"id":37036,"href":"https:\/\/lidiaiwanowska.com\/en\/wp-json\/wp\/v2\/pages\/34071\/revisions\/37036"}],"wp:attachment":[{"href":"https:\/\/lidiaiwanowska.com\/en\/wp-json\/wp\/v2\/media?parent=34071"}],"curies":[{"name":"wp","href":"https:\/\/api.w.org\/{rel}","templated":true}]}}