{"id":34104,"date":"2024-03-06T16:07:22","date_gmt":"2024-03-06T16:07:22","guid":{"rendered":"https:\/\/lidiaiwanowska.com\/?page_id=34104"},"modified":"2025-12-16T13:36:53","modified_gmt":"2025-12-16T13:36:53","slug":"dlaczego-ja","status":"publish","type":"page","link":"https:\/\/lidiaiwanowska.com\/en\/dlaczego-ja","title":{"rendered":"Dlaczego Ja"},"content":{"rendered":"<div data-elementor-type=\"wp-page\" data-elementor-id=\"34104\" class=\"elementor elementor-34104\">\n\t\t\t\t<div class=\"elementor-element elementor-element-1aa62e3 thegem-e-con-layout-elementor e-flex e-con-boxed e-con e-parent\" data-id=\"1aa62e3\" data-element_type=\"container\" data-settings=\"{&quot;background_background&quot;:&quot;classic&quot;,&quot;thegem_container_layout&quot;:&quot;elementor&quot;}\">\r\n\t\t\t\t\t<div class=\"e-con-inner\">\r\n\t\t\t\t\t<\/div>\n\t\t\t\t<\/div>\n\t\t<div class=\"elementor-element elementor-element-bd9b5f5 thegem-e-con-layout-elementor e-flex e-con-boxed e-con e-parent\" data-id=\"bd9b5f5\" data-element_type=\"container\" data-settings=\"{&quot;thegem_container_layout&quot;:&quot;elementor&quot;}\">\r\n\t\t\t\t\t<div class=\"e-con-inner\">\r\n\t\t<div class=\"elementor-element elementor-element-7f0ac13 e-con-full thegem-e-con-layout-elementor e-flex e-con e-child\" data-id=\"7f0ac13\" data-element_type=\"container\" data-settings=\"{&quot;background_background&quot;:&quot;classic&quot;,&quot;thegem_container_layout&quot;:&quot;elementor&quot;}\">\r\n\t\t\t\t<\/div>\n\t\t<div class=\"elementor-element elementor-element-15f824d e-con-full thegem-e-con-layout-elementor e-flex e-con e-child\" data-id=\"15f824d\" data-element_type=\"container\" data-settings=\"{&quot;thegem_container_layout&quot;:&quot;elementor&quot;}\">\r\n\t\t\t\t<div class=\"elementor-element elementor-element-1736a9a flex-horizontal-align-default flex-horizontal-align-tablet-default flex-horizontal-align-mobile-default flex-vertical-align-default flex-vertical-align-tablet-default flex-vertical-align-mobile-default elementor-widget elementor-widget-text-editor\" data-id=\"1736a9a\" data-element_type=\"widget\" data-widget_type=\"text-editor.default\">\n\t\t\t\t<div class=\"elementor-widget-container\">\n\t\t\t\t\t\t\t\t\t\t\t\t<div class=\"elementor-text-editor elementor-clearfix\">\r\n\t\t\t\t\t\t<p><b>7 POWOD\u00d3W DLACZEGO WARTO POWIEDZIE\u0106 &#8222;TAK&#8221; I ZACZ\u0104\u0106 ZMIENIA\u0106 CO\u015a W SWOIM \u017bYCIU<\/b>&nbsp;<\/p>\n<ul>\n<li style=\"text-align: left;\">Lata mojej \u017cyciowej bezsilno\u015bci, niepowodze\u0144, przykro\u015bci i chor\u00f3b sprawi\u0142y, \u017ce finalnie uda\u0142o mi si\u0119 udoskonali\u0107 swoje \u017cycie i zdrowie, a dzi\u0119ki nabytej wiedzy i do\u015bwiadczeniu, jestem pomocna tym, kt\u00f3rzy mnie teraz potrzebuj\u0105.<\/li>\n<li style=\"text-align: left;\">Wiem, \u017ce nigdy nie jest za p\u00f3\u017ano na rozpocz\u0119cie najciekawszej podr\u00f3\u017cy nowego \u017cycia i uzyskanie oraz utrzymanie nowego i pe\u0142nego <strong>ZDROWIA<\/strong>!<\/li>\n<li style=\"text-align: left;\">Rozumiem, czego potrzebuje cz\u0142owiek, aby cieszy\u0107 si\u0119 pe\u0142ni\u0105 \u017cycia i zdrowia, kt\u00f3remu towarzyszy te\u017c uczucie wolno\u015bci, rado\u015bci i spe\u0142nienia.<\/li>\n<li style=\"text-align: left;\">Rozumiem, jak wa\u017cny jest spok\u00f3j wewn\u0119trzny (w przeciwie\u0144stwie do chaosu my\u015bli i emocjonalnego b\u00f3lu), dzi\u0119ki kt\u00f3remu mo\u017cesz odnale\u017a\u0107 sw\u00f3j nieograniczony potencja\u0142 \u017cyciowy.<\/li>\n<li style=\"text-align: left;\">Znam drog\u0119 do najlepszego samopoczucia, kt\u00f3re prowadzi do pe\u0142ni zdrowia i rado\u015bci w \u017cyciu.<\/li>\n<li style=\"text-align: left;\">Wiem, \u017ce <strong>ZDROWIE<\/strong> jest najwa\u017cniejsze w realizacji wszystkich \u017cyciowych marze\u0144 i potrzeb.<\/li>\n<li style=\"text-align: left;\">Znam drog\u0119 do lepszego <strong>\u017bYCIA, ZDROWIA i SZCZ\u0118\u015aCIA!<\/strong> Wystarczy, \u017ce powiesz: <em>\u201etak, jestem osob\u0105 ju\u017c gotow\u0105 na zmiany&#8221;<\/em>, a pozwolisz sobie na \u017cycie i zdrowie w\u015br\u00f3d&nbsp; warto\u015bci, na kt\u00f3re zas\u0142ugujesz!<\/li>\n<\/ul>\t\t\t\t\t\t\t<\/div>\r\n\t\t\t\t\t\t\t\t\t\t<\/div>\n\t\t\t\t<\/div>\n\t\t\t\t<\/div>\n\t\t\t\t\t<\/div>\n\t\t\t\t<\/div>\n\t\t<div class=\"elementor-element elementor-element-475d855 thegem-e-con-layout-elementor e-flex e-con-boxed e-con e-parent\" data-id=\"475d855\" data-element_type=\"container\" data-settings=\"{&quot;thegem_container_layout&quot;:&quot;elementor&quot;}\">\r\n\t\t\t\t\t<div class=\"e-con-inner\">\r\n\t\t<div class=\"elementor-element elementor-element-13c0ac8 e-con-full thegem-e-con-layout-elementor e-flex e-con e-child\" data-id=\"13c0ac8\" data-element_type=\"container\" data-settings=\"{&quot;thegem_container_layout&quot;:&quot;elementor&quot;}\">\r\n\t\t\t\t<div class=\"elementor-element elementor-element-38957ed flex-horizontal-align-default flex-horizontal-align-tablet-default flex-horizontal-align-mobile-default flex-vertical-align-default flex-vertical-align-tablet-default flex-vertical-align-mobile-default elementor-widget elementor-widget-text-editor\" data-id=\"38957ed\" data-element_type=\"widget\" data-widget_type=\"text-editor.default\">\n\t\t\t\t<div class=\"elementor-widget-container\">\n\t\t\t\t\t\t\t\t\t\t\t\t<div class=\"elementor-text-editor elementor-clearfix\">\r\n\t\t\t\t\t\t<h3>Masz pytanie? skontaktuj si\u0119 ze mn\u0105!<\/h3>\t\t\t\t\t\t\t<\/div>\r\n\t\t\t\t\t\t\t\t\t\t<\/div>\n\t\t\t\t<\/div>\n\t\t\t\t<\/div>\n\t\t<div class=\"elementor-element elementor-element-993ab76 e-con-full thegem-e-con-layout-elementor e-flex e-con e-child\" data-id=\"993ab76\" data-element_type=\"container\" data-settings=\"{&quot;thegem_container_layout&quot;:&quot;elementor&quot;}\">\r\n\t\t\t\t<div class=\"elementor-element elementor-element-37a3512 elementor-align-center flex-horizontal-align-default flex-horizontal-align-tablet-default flex-horizontal-align-mobile-default flex-vertical-align-default flex-vertical-align-tablet-default flex-vertical-align-mobile-default elementor-widget elementor-widget-button\" data-id=\"37a3512\" data-element_type=\"widget\" data-widget_type=\"button.default\">\n\t\t\t\t<div class=\"elementor-widget-container\">\n\t\t\t\t\t\t\t\t\t<div class=\"elementor-button-wrapper\">\n\t\t\t\t\t<a class=\"elementor-button elementor-button-link elementor-size-sm\" href=\"https:\/\/wa.me\/12245235196\">\n\t\t\t\t\t\t<span class=\"elementor-button-content-wrapper\">\n\t\t\t\t\t\t\t\t\t<span class=\"elementor-button-text\">Napisz do mnie na WhatsApp<\/span>\n\t\t\t\t\t<\/span>\n\t\t\t\t\t<\/a>\n\t\t\t\t<\/div>\n\t\t\t\t\t\t\t\t<\/div>\n\t\t\t\t<\/div>\n\t\t\t\t<\/div>\n\t\t\t\t\t<\/div>\n\t\t\t\t<\/div>\n\t\t<div class=\"elementor-element elementor-element-9cd8d16 e-con-full thegem-e-con-layout-elementor e-flex e-con e-parent\" data-id=\"9cd8d16\" data-element_type=\"container\" data-settings=\"{&quot;background_background&quot;:&quot;classic&quot;,&quot;thegem_container_layout&quot;:&quot;elementor&quot;}\">\r\n\t\t<div class=\"elementor-element elementor-element-9b559a6 e-con-full thegem-e-con-layout-elementor e-flex e-con e-child\" data-id=\"9b559a6\" data-element_type=\"container\" data-settings=\"{&quot;thegem_container_layout&quot;:&quot;elementor&quot;}\">\r\n\t\t\t\t<\/div>\n\t\t<div class=\"elementor-element elementor-element-6e5977d e-con-full thegem-e-con-layout-elementor e-flex e-con e-child\" data-id=\"6e5977d\" data-element_type=\"container\" data-settings=\"{&quot;thegem_container_layout&quot;:&quot;elementor&quot;}\">\r\n\t\t\t\t<div class=\"elementor-element elementor-element-aec2bf1 flex-horizontal-align-default flex-horizontal-align-tablet-default flex-horizontal-align-mobile-default flex-vertical-align-default flex-vertical-align-tablet-default flex-vertical-align-mobile-default elementor-widget elementor-widget-text-editor\" data-id=\"aec2bf1\" data-element_type=\"widget\" data-widget_type=\"text-editor.default\">\n\t\t\t\t<div class=\"elementor-widget-container\">\n\t\t\t\t\t\t\t\t\t\t\t\t<div class=\"elementor-text-editor elementor-clearfix\">\r\n\t\t\t\t\t\t<p style=\"text-align: center;\">Niepowodzenia, \u017cyciowe potyczki, choroby i cierpienia, brak g\u0142\u0119bszych warto\u015bci w \u017cyciu i si\u0142y do dzia\u0142ania, mog\u0142yby za\u0142ama\u0107 niejednego z nas, ale wcale nie musz\u0105!<\/p><p style=\"text-align: center;\">Naszym wyzwaniem jest decyzja, kt\u00f3r\u0105 mo\u017cemy podj\u0105\u0107 w ka\u017cdym momencie, kiedy tylko zdecydujemy si\u0119 na dzia\u0142anie w realizacji lepszego jutra.<\/p><p style=\"text-align: center;\">Mamy mo\u017cliwo\u015b\u0107 wej\u015bcia na now\u0105 drog\u0119 warto\u015bciowego \u017cycia i zdrowia, na kt\u00f3re ka\u017cde z nas zas\u0142uguje.<\/p><p style=\"text-align: center;\">Osobi\u015bcie, kiedy zmaga\u0142am si\u0119 z \u017cyciowymi niepowodzeniami i chorobami, wybra\u0142am niekonwencjonaln\u0105 drog\u0119 post\u0119powania.<\/p><p style=\"text-align: center;\">Uwierzy\u0142am, \u017ce jest dla mnie szansa. Dokona\u0142am w swoim \u017cyciu tych zmian, kt\u00f3re pozwoli\u0142y mi, krok po kroku zobaczy\u0107, \u017ce m\u00f3j wyb\u00f3r, poparty wiar\u0105, konsekwencj\u0105 dzia\u0142ania, dyscyplin\u0105 i samodoskonaleniem w dziedzinie medycyny alternatywnej doprowadzi\u0142 mnie do zwyci\u0119stwa w odkryciu \u017cycia i zdrowia, jakich potrzebowa\u0142am.<\/p><h4 style=\"text-align: center;\">\u00a0Dlaczego ja?<\/h4><p style=\"text-align: center;\">\u00a0Do\u015bwiadczy\u0142am \u017cycia i zdrowia, wype\u0142nionego\u00a0 cierpieniem. Postanowi\u0142am zmieni\u0107 w swoim \u017cyciu wszystko i to pozwoli\u0142o mi uwolni\u0107 si\u0119 od chor\u00f3b oraz odzyska\u0107 rado\u015b\u0107 \u017cycia.<\/p><p style=\"text-align: center;\">Zapraszam ka\u017cdego, kto chce da\u0107 sobie szans\u0119 i dokona\u0107 warto\u015bciowych zmian dla \u017cycia w szcz\u0119\u015bciu, zdrowiu i spe\u0142nieniu.<\/p><p style=\"text-align: right;\">Z Mi\u0142o\u015bci\u0105<\/p><p style=\"text-align: right;\">Lidia Iwanowska<\/p>\t\t\t\t\t\t\t<\/div>\r\n\t\t\t\t\t\t\t\t\t\t<\/div>\n\t\t\t\t<\/div>\n\t\t\t\t<\/div>\n\t\t<div class=\"elementor-element elementor-element-9d3b766 e-con-full thegem-e-con-layout-elementor e-flex e-con e-child\" data-id=\"9d3b766\" data-element_type=\"container\" data-settings=\"{&quot;thegem_container_layout&quot;:&quot;elementor&quot;}\">\r\n\t\t\t\t<\/div>\n\t\t\t\t<\/div>\n\t\t\t\t<\/div>","protected":false},"excerpt":{"rendered":"<p>7 POWOD\u00d3W DLACZEGO WARTO POWIEDZIE\u0106 &#8222;TAK&#8221; I ZACZ\u0104\u0106 ZMIENIA\u0106 CO\u015a W SWOIM \u017bYCIU&nbsp; Lata mojej \u017cyciowej bezsilno\u015bci, niepowodze\u0144, przykro\u015bci i&#8230;<\/p>","protected":false},"author":1,"featured_media":0,"parent":0,"menu_order":0,"comment_status":"closed","ping_status":"closed","template":"page-fullwidth.php","meta":{"footnotes":""},"class_list":["post-34104","page","type-page","status-publish"],"yoast_head":"<!-- This site is optimized with the Yoast SEO plugin v26.4 - https:\/\/yoast.com\/wordpress\/plugins\/seo\/ -->\n<title>Dlaczego Ja - Lidia Iwanowska - szcz\u0119\u015bcie i rozw\u00f3j<\/title>\n<meta name=\"robots\" content=\"index, follow, max-snippet:-1, max-image-preview:large, max-video-preview:-1\" \/>\n<link rel=\"canonical\" href=\"https:\/\/lidiaiwanowska.com\/en\/dlaczego-ja\/\" \/>\n<meta property=\"og:locale\" content=\"en_US\" \/>\n<meta property=\"og:type\" content=\"article\" \/>\n<meta property=\"og:title\" content=\"Dlaczego Ja - Lidia Iwanowska - szcz\u0119\u015bcie i rozw\u00f3j\" \/>\n<meta property=\"og:description\" content=\"7 POWOD\u00d3W DLACZEGO WARTO POWIEDZIE\u0106 &#8222;TAK&#8221; I ZACZ\u0104\u0106 ZMIENIA\u0106 CO\u015a W SWOIM \u017bYCIU&nbsp; Lata mojej \u017cyciowej bezsilno\u015bci, niepowodze\u0144, przykro\u015bci i...\" \/>\n<meta property=\"og:url\" content=\"https:\/\/lidiaiwanowska.com\/en\/dlaczego-ja\/\" \/>\n<meta property=\"og:site_name\" content=\"Lidia Iwanowska - szcz\u0119\u015bcie i rozw\u00f3j\" \/>\n<meta property=\"article:modified_time\" content=\"2025-12-16T13:36:53+00:00\" \/>\n<meta name=\"twitter:card\" content=\"summary_large_image\" \/>\n<meta name=\"twitter:label1\" content=\"Est. reading time\" \/>\n\t<meta name=\"twitter:data1\" content=\"3 minutes\" \/>\n<script type=\"application\/ld+json\" class=\"yoast-schema-graph\">{\"@context\":\"https:\/\/schema.org\",\"@graph\":[{\"@type\":\"WebPage\",\"@id\":\"https:\/\/lidiaiwanowska.com\/dlaczego-ja\",\"url\":\"https:\/\/lidiaiwanowska.com\/dlaczego-ja\",\"name\":\"Dlaczego Ja - Lidia Iwanowska - szcz\u0119\u015bcie i rozw\u00f3j\",\"isPartOf\":{\"@id\":\"https:\/\/lidiaiwanowska.com\/#website\"},\"datePublished\":\"2024-03-06T16:07:22+00:00\",\"dateModified\":\"2025-12-16T13:36:53+00:00\",\"breadcrumb\":{\"@id\":\"https:\/\/lidiaiwanowska.com\/dlaczego-ja#breadcrumb\"},\"inLanguage\":\"en-US\",\"potentialAction\":[{\"@type\":\"ReadAction\",\"target\":[\"https:\/\/lidiaiwanowska.com\/dlaczego-ja\"]}]},{\"@type\":\"BreadcrumbList\",\"@id\":\"https:\/\/lidiaiwanowska.com\/dlaczego-ja#breadcrumb\",\"itemListElement\":[{\"@type\":\"ListItem\",\"position\":1,\"name\":\"Home\",\"item\":\"https:\/\/lidiaiwanowska.com\/\"},{\"@type\":\"ListItem\",\"position\":2,\"name\":\"Dlaczego Ja\"}]},{\"@type\":\"WebSite\",\"@id\":\"https:\/\/lidiaiwanowska.com\/#website\",\"url\":\"https:\/\/lidiaiwanowska.com\/\",\"name\":\"Lidia Iwanowska - szcz\u0119\u015bcie i rozw\u00f3j\",\"description\":\"\",\"publisher\":{\"@id\":\"https:\/\/lidiaiwanowska.com\/#\/schema\/person\/6694f1482f93fd94d9044fca53ff40e8\"},\"potentialAction\":[{\"@type\":\"SearchAction\",\"target\":{\"@type\":\"EntryPoint\",\"urlTemplate\":\"https:\/\/lidiaiwanowska.com\/?s={search_term_string}\"},\"query-input\":{\"@type\":\"PropertyValueSpecification\",\"valueRequired\":true,\"valueName\":\"search_term_string\"}}],\"inLanguage\":\"en-US\"},{\"@type\":[\"Person\",\"Organization\"],\"@id\":\"https:\/\/lidiaiwanowska.com\/#\/schema\/person\/6694f1482f93fd94d9044fca53ff40e8\",\"name\":\"Lidia Iwanowska\",\"image\":{\"@type\":\"ImageObject\",\"inLanguage\":\"en-US\",\"@id\":\"https:\/\/lidiaiwanowska.com\/#\/schema\/person\/image\/\",\"url\":\"https:\/\/lidiaiwanowska.com\/wp-content\/uploads\/2024\/04\/lidia-tlo-napisy.png\",\"contentUrl\":\"https:\/\/lidiaiwanowska.com\/wp-content\/uploads\/2024\/04\/lidia-tlo-napisy.png\",\"width\":1365,\"height\":2048,\"caption\":\"Lidia Iwanowska\"},\"logo\":{\"@id\":\"https:\/\/lidiaiwanowska.com\/#\/schema\/person\/image\/\"}}]}<\/script>\n<!-- \/ Yoast SEO plugin. -->","yoast_head_json":{"title":"Dlaczego Ja - Lidia Iwanowska - szcz\u0119\u015bcie i rozw\u00f3j","robots":{"index":"index","follow":"follow","max-snippet":"max-snippet:-1","max-image-preview":"max-image-preview:large","max-video-preview":"max-video-preview:-1"},"canonical":"https:\/\/lidiaiwanowska.com\/en\/dlaczego-ja\/","og_locale":"en_US","og_type":"article","og_title":"Dlaczego Ja - Lidia Iwanowska - szcz\u0119\u015bcie i rozw\u00f3j","og_description":"7 POWOD\u00d3W DLACZEGO WARTO POWIEDZIE\u0106 &#8222;TAK&#8221; I ZACZ\u0104\u0106 ZMIENIA\u0106 CO\u015a W SWOIM \u017bYCIU&nbsp; Lata mojej \u017cyciowej bezsilno\u015bci, niepowodze\u0144, przykro\u015bci i...","og_url":"https:\/\/lidiaiwanowska.com\/en\/dlaczego-ja\/","og_site_name":"Lidia Iwanowska - szcz\u0119\u015bcie i rozw\u00f3j","article_modified_time":"2025-12-16T13:36:53+00:00","twitter_card":"summary_large_image","twitter_misc":{"Est. reading time":"3 minutes"},"schema":{"@context":"https:\/\/schema.org","@graph":[{"@type":"WebPage","@id":"https:\/\/lidiaiwanowska.com\/dlaczego-ja","url":"https:\/\/lidiaiwanowska.com\/dlaczego-ja","name":"Dlaczego Ja - Lidia Iwanowska - szcz\u0119\u015bcie i rozw\u00f3j","isPartOf":{"@id":"https:\/\/lidiaiwanowska.com\/#website"},"datePublished":"2024-03-06T16:07:22+00:00","dateModified":"2025-12-16T13:36:53+00:00","breadcrumb":{"@id":"https:\/\/lidiaiwanowska.com\/dlaczego-ja#breadcrumb"},"inLanguage":"en-US","potentialAction":[{"@type":"ReadAction","target":["https:\/\/lidiaiwanowska.com\/dlaczego-ja"]}]},{"@type":"BreadcrumbList","@id":"https:\/\/lidiaiwanowska.com\/dlaczego-ja#breadcrumb","itemListElement":[{"@type":"ListItem","position":1,"name":"Home","item":"https:\/\/lidiaiwanowska.com\/"},{"@type":"ListItem","position":2,"name":"Dlaczego Ja"}]},{"@type":"WebSite","@id":"https:\/\/lidiaiwanowska.com\/#website","url":"https:\/\/lidiaiwanowska.com\/","name":"Lidia Iwanowska - szcz\u0119\u015bcie i rozw\u00f3j","description":"","publisher":{"@id":"https:\/\/lidiaiwanowska.com\/#\/schema\/person\/6694f1482f93fd94d9044fca53ff40e8"},"potentialAction":[{"@type":"SearchAction","target":{"@type":"EntryPoint","urlTemplate":"https:\/\/lidiaiwanowska.com\/?s={search_term_string}"},"query-input":{"@type":"PropertyValueSpecification","valueRequired":true,"valueName":"search_term_string"}}],"inLanguage":"en-US"},{"@type":["Person","Organization"],"@id":"https:\/\/lidiaiwanowska.com\/#\/schema\/person\/6694f1482f93fd94d9044fca53ff40e8","name":"Lidia Iwanowska","image":{"@type":"ImageObject","inLanguage":"en-US","@id":"https:\/\/lidiaiwanowska.com\/#\/schema\/person\/image\/","url":"https:\/\/lidiaiwanowska.com\/wp-content\/uploads\/2024\/04\/lidia-tlo-napisy.png","contentUrl":"https:\/\/lidiaiwanowska.com\/wp-content\/uploads\/2024\/04\/lidia-tlo-napisy.png","width":1365,"height":2048,"caption":"Lidia Iwanowska"},"logo":{"@id":"https:\/\/lidiaiwanowska.com\/#\/schema\/person\/image\/"}}]}},"_links":{"self":[{"href":"https:\/\/lidiaiwanowska.com\/en\/wp-json\/wp\/v2\/pages\/34104","targetHints":{"allow":["GET"]}}],"collection":[{"href":"https:\/\/lidiaiwanowska.com\/en\/wp-json\/wp\/v2\/pages"}],"about":[{"href":"https:\/\/lidiaiwanowska.com\/en\/wp-json\/wp\/v2\/types\/page"}],"author":[{"embeddable":true,"href":"https:\/\/lidiaiwanowska.com\/en\/wp-json\/wp\/v2\/users\/1"}],"replies":[{"embeddable":true,"href":"https:\/\/lidiaiwanowska.com\/en\/wp-json\/wp\/v2\/comments?post=34104"}],"version-history":[{"count":34,"href":"https:\/\/lidiaiwanowska.com\/en\/wp-json\/wp\/v2\/pages\/34104\/revisions"}],"predecessor-version":[{"id":37200,"href":"https:\/\/lidiaiwanowska.com\/en\/wp-json\/wp\/v2\/pages\/34104\/revisions\/37200"}],"wp:attachment":[{"href":"https:\/\/lidiaiwanowska.com\/en\/wp-json\/wp\/v2\/media?parent=34104"}],"curies":[{"name":"wp","href":"https:\/\/api.w.org\/{rel}","templated":true}]}}