{"id":34298,"date":"2024-03-09T01:05:01","date_gmt":"2024-03-09T01:05:01","guid":{"rendered":"https:\/\/lidiaiwanowska.com\/cart"},"modified":"2025-12-16T13:36:16","modified_gmt":"2025-12-16T13:36:16","slug":"cart","status":"publish","type":"page","link":"https:\/\/lidiaiwanowska.com\/en\/cart","title":{"rendered":"Cart"},"content":{"rendered":"<div data-elementor-type=\"wp-page\" data-elementor-id=\"34298\" class=\"elementor elementor-34298\">\n\t\t\t\t<div class=\"elementor-element elementor-element-d3e43bd e-con-full thegem-e-con-layout-elementor e-flex e-con e-parent\" data-id=\"d3e43bd\" data-element_type=\"container\" data-settings=\"{&quot;background_background&quot;:&quot;gradient&quot;,&quot;thegem_container_layout&quot;:&quot;elementor&quot;}\">\r\n\t\t\t\t<\/div>\n\t\t<div class=\"elementor-element elementor-element-147fff65 thegem-e-con-layout-elementor e-flex e-con-boxed e-con e-parent\" data-id=\"147fff65\" data-element_type=\"container\" data-settings=\"{&quot;thegem_container_layout&quot;:&quot;elementor&quot;}\">\r\n\t\t\t\t\t<div class=\"e-con-inner\">\r\n\t\t\t\t<div class=\"elementor-element elementor-element-78403989 flex-horizontal-align-default flex-horizontal-align-tablet-default flex-horizontal-align-mobile-default flex-vertical-align-default flex-vertical-align-tablet-default flex-vertical-align-mobile-default elementor-widget elementor-widget-shortcode\" data-id=\"78403989\" data-element_type=\"widget\" data-widget_type=\"shortcode.default\">\n\t\t\t\t<div class=\"elementor-widget-container\">\n\t\t\t\t\t\t\t<div class=\"elementor-shortcode\"><\/div>\n\t\t\t\t\t\t<\/div>\n\t\t\t\t<\/div>\n\t\t\t\t\t<\/div>\n\t\t\t\t<\/div>\n\t\t\t\t<\/div>","protected":false},"excerpt":{"rendered":"","protected":false},"author":1,"featured_media":0,"parent":0,"menu_order":0,"comment_status":"closed","ping_status":"closed","template":"","meta":{"footnotes":""},"class_list":["post-34298","page","type-page","status-publish"],"yoast_head":"<!-- This site is optimized with the Yoast SEO plugin v26.4 - https:\/\/yoast.com\/wordpress\/plugins\/seo\/ -->\n<title>Cart - Lidia Iwanowska - szcz\u0119\u015bcie i rozw\u00f3j<\/title>\n<meta name=\"robots\" content=\"index, follow, max-snippet:-1, max-image-preview:large, max-video-preview:-1\" \/>\n<link rel=\"canonical\" href=\"https:\/\/lidiaiwanowska.com\/en\/cart\/\" \/>\n<meta property=\"og:locale\" content=\"en_US\" \/>\n<meta property=\"og:type\" content=\"article\" \/>\n<meta property=\"og:title\" content=\"Cart - Lidia Iwanowska - szcz\u0119\u015bcie i rozw\u00f3j\" \/>\n<meta property=\"og:url\" content=\"https:\/\/lidiaiwanowska.com\/en\/cart\/\" \/>\n<meta property=\"og:site_name\" content=\"Lidia Iwanowska - szcz\u0119\u015bcie i rozw\u00f3j\" \/>\n<meta property=\"article:modified_time\" content=\"2025-12-16T13:36:16+00:00\" \/>\n<meta name=\"twitter:card\" content=\"summary_large_image\" \/>\n<script type=\"application\/ld+json\" class=\"yoast-schema-graph\">{\"@context\":\"https:\/\/schema.org\",\"@graph\":[{\"@type\":\"WebPage\",\"@id\":\"https:\/\/lidiaiwanowska.com\/cart\",\"url\":\"https:\/\/lidiaiwanowska.com\/cart\",\"name\":\"Cart - Lidia Iwanowska - szcz\u0119\u015bcie i rozw\u00f3j\",\"isPartOf\":{\"@id\":\"https:\/\/lidiaiwanowska.com\/#website\"},\"datePublished\":\"2024-03-09T01:05:01+00:00\",\"dateModified\":\"2025-12-16T13:36:16+00:00\",\"breadcrumb\":{\"@id\":\"https:\/\/lidiaiwanowska.com\/cart#breadcrumb\"},\"inLanguage\":\"en-US\",\"potentialAction\":[{\"@type\":\"ReadAction\",\"target\":[\"https:\/\/lidiaiwanowska.com\/cart\"]}]},{\"@type\":\"BreadcrumbList\",\"@id\":\"https:\/\/lidiaiwanowska.com\/cart#breadcrumb\",\"itemListElement\":[{\"@type\":\"ListItem\",\"position\":1,\"name\":\"Home\",\"item\":\"https:\/\/lidiaiwanowska.com\/\"},{\"@type\":\"ListItem\",\"position\":2,\"name\":\"Cart\"}]},{\"@type\":\"WebSite\",\"@id\":\"https:\/\/lidiaiwanowska.com\/#website\",\"url\":\"https:\/\/lidiaiwanowska.com\/\",\"name\":\"Lidia Iwanowska - szcz\u0119\u015bcie i rozw\u00f3j\",\"description\":\"\",\"publisher\":{\"@id\":\"https:\/\/lidiaiwanowska.com\/#\/schema\/person\/6694f1482f93fd94d9044fca53ff40e8\"},\"potentialAction\":[{\"@type\":\"SearchAction\",\"target\":{\"@type\":\"EntryPoint\",\"urlTemplate\":\"https:\/\/lidiaiwanowska.com\/?s={search_term_string}\"},\"query-input\":{\"@type\":\"PropertyValueSpecification\",\"valueRequired\":true,\"valueName\":\"search_term_string\"}}],\"inLanguage\":\"en-US\"},{\"@type\":[\"Person\",\"Organization\"],\"@id\":\"https:\/\/lidiaiwanowska.com\/#\/schema\/person\/6694f1482f93fd94d9044fca53ff40e8\",\"name\":\"Lidia Iwanowska\",\"image\":{\"@type\":\"ImageObject\",\"inLanguage\":\"en-US\",\"@id\":\"https:\/\/lidiaiwanowska.com\/#\/schema\/person\/image\/\",\"url\":\"https:\/\/lidiaiwanowska.com\/wp-content\/uploads\/2024\/04\/lidia-tlo-napisy.png\",\"contentUrl\":\"https:\/\/lidiaiwanowska.com\/wp-content\/uploads\/2024\/04\/lidia-tlo-napisy.png\",\"width\":1365,\"height\":2048,\"caption\":\"Lidia Iwanowska\"},\"logo\":{\"@id\":\"https:\/\/lidiaiwanowska.com\/#\/schema\/person\/image\/\"}}]}<\/script>\n<!-- \/ Yoast SEO plugin. -->","yoast_head_json":{"title":"Cart - Lidia Iwanowska - szcz\u0119\u015bcie i rozw\u00f3j","robots":{"index":"index","follow":"follow","max-snippet":"max-snippet:-1","max-image-preview":"max-image-preview:large","max-video-preview":"max-video-preview:-1"},"canonical":"https:\/\/lidiaiwanowska.com\/en\/cart\/","og_locale":"en_US","og_type":"article","og_title":"Cart - Lidia Iwanowska - szcz\u0119\u015bcie i rozw\u00f3j","og_url":"https:\/\/lidiaiwanowska.com\/en\/cart\/","og_site_name":"Lidia Iwanowska - szcz\u0119\u015bcie i rozw\u00f3j","article_modified_time":"2025-12-16T13:36:16+00:00","twitter_card":"summary_large_image","schema":{"@context":"https:\/\/schema.org","@graph":[{"@type":"WebPage","@id":"https:\/\/lidiaiwanowska.com\/cart","url":"https:\/\/lidiaiwanowska.com\/cart","name":"Cart - Lidia Iwanowska - szcz\u0119\u015bcie i rozw\u00f3j","isPartOf":{"@id":"https:\/\/lidiaiwanowska.com\/#website"},"datePublished":"2024-03-09T01:05:01+00:00","dateModified":"2025-12-16T13:36:16+00:00","breadcrumb":{"@id":"https:\/\/lidiaiwanowska.com\/cart#breadcrumb"},"inLanguage":"en-US","potentialAction":[{"@type":"ReadAction","target":["https:\/\/lidiaiwanowska.com\/cart"]}]},{"@type":"BreadcrumbList","@id":"https:\/\/lidiaiwanowska.com\/cart#breadcrumb","itemListElement":[{"@type":"ListItem","position":1,"name":"Home","item":"https:\/\/lidiaiwanowska.com\/"},{"@type":"ListItem","position":2,"name":"Cart"}]},{"@type":"WebSite","@id":"https:\/\/lidiaiwanowska.com\/#website","url":"https:\/\/lidiaiwanowska.com\/","name":"Lidia Iwanowska - szcz\u0119\u015bcie i rozw\u00f3j","description":"","publisher":{"@id":"https:\/\/lidiaiwanowska.com\/#\/schema\/person\/6694f1482f93fd94d9044fca53ff40e8"},"potentialAction":[{"@type":"SearchAction","target":{"@type":"EntryPoint","urlTemplate":"https:\/\/lidiaiwanowska.com\/?s={search_term_string}"},"query-input":{"@type":"PropertyValueSpecification","valueRequired":true,"valueName":"search_term_string"}}],"inLanguage":"en-US"},{"@type":["Person","Organization"],"@id":"https:\/\/lidiaiwanowska.com\/#\/schema\/person\/6694f1482f93fd94d9044fca53ff40e8","name":"Lidia Iwanowska","image":{"@type":"ImageObject","inLanguage":"en-US","@id":"https:\/\/lidiaiwanowska.com\/#\/schema\/person\/image\/","url":"https:\/\/lidiaiwanowska.com\/wp-content\/uploads\/2024\/04\/lidia-tlo-napisy.png","contentUrl":"https:\/\/lidiaiwanowska.com\/wp-content\/uploads\/2024\/04\/lidia-tlo-napisy.png","width":1365,"height":2048,"caption":"Lidia Iwanowska"},"logo":{"@id":"https:\/\/lidiaiwanowska.com\/#\/schema\/person\/image\/"}}]}},"_links":{"self":[{"href":"https:\/\/lidiaiwanowska.com\/en\/wp-json\/wp\/v2\/pages\/34298","targetHints":{"allow":["GET"]}}],"collection":[{"href":"https:\/\/lidiaiwanowska.com\/en\/wp-json\/wp\/v2\/pages"}],"about":[{"href":"https:\/\/lidiaiwanowska.com\/en\/wp-json\/wp\/v2\/types\/page"}],"author":[{"embeddable":true,"href":"https:\/\/lidiaiwanowska.com\/en\/wp-json\/wp\/v2\/users\/1"}],"replies":[{"embeddable":true,"href":"https:\/\/lidiaiwanowska.com\/en\/wp-json\/wp\/v2\/comments?post=34298"}],"version-history":[{"count":3,"href":"https:\/\/lidiaiwanowska.com\/en\/wp-json\/wp\/v2\/pages\/34298\/revisions"}],"predecessor-version":[{"id":34635,"href":"https:\/\/lidiaiwanowska.com\/en\/wp-json\/wp\/v2\/pages\/34298\/revisions\/34635"}],"wp:attachment":[{"href":"https:\/\/lidiaiwanowska.com\/en\/wp-json\/wp\/v2\/media?parent=34298"}],"curies":[{"name":"wp","href":"https:\/\/api.w.org\/{rel}","templated":true}]}}