{"id":36385,"date":"2025-02-12T12:43:50","date_gmt":"2025-02-12T12:43:50","guid":{"rendered":"https:\/\/lidiaiwanowska.com\/?page_id=36385"},"modified":"2026-02-20T18:42:41","modified_gmt":"2026-02-20T18:42:41","slug":"media","status":"publish","type":"page","link":"https:\/\/lidiaiwanowska.com\/en\/media","title":{"rendered":"MEDIA"},"content":{"rendered":"<div data-elementor-type=\"wp-page\" data-elementor-id=\"36385\" class=\"elementor elementor-36385\">\n\t\t\t\t<div class=\"elementor-element elementor-element-226a875 thegem-e-con-layout-elementor e-flex e-con-boxed e-con e-parent\" data-id=\"226a875\" data-element_type=\"container\" data-settings=\"{&quot;thegem_container_layout&quot;:&quot;elementor&quot;}\">\r\n\t\t\t\t\t<div class=\"e-con-inner\">\r\n\t\t\t\t\t<\/div>\n\t\t\t\t<\/div>\n\t\t<div class=\"elementor-element elementor-element-6dd3142 thegem-e-con-layout-elementor e-flex e-con-boxed e-con e-parent\" data-id=\"6dd3142\" data-element_type=\"container\" data-settings=\"{&quot;background_background&quot;:&quot;classic&quot;,&quot;thegem_container_layout&quot;:&quot;elementor&quot;}\">\r\n\t\t\t\t\t<div class=\"e-con-inner\">\r\n\t\t\t\t<div class=\"elementor-element elementor-element-18885fe flex-horizontal-align-default flex-horizontal-align-tablet-default flex-horizontal-align-mobile-default flex-vertical-align-default flex-vertical-align-tablet-default flex-vertical-align-mobile-default elementor-widget elementor-widget-text-editor\" data-id=\"18885fe\" data-element_type=\"widget\" data-widget_type=\"text-editor.default\">\n\t\t\t\t<div class=\"elementor-widget-container\">\n\t\t\t\t\t\t\t\t\t\t\t\t<div class=\"elementor-text-editor elementor-clearfix\">\r\n\t\t\t\t\t\t<p style=\"text-align: left;\">HALO TU POLSAT<\/p>\t\t\t\t\t\t\t<\/div>\r\n\t\t\t\t\t\t\t\t\t\t<\/div>\n\t\t\t\t<\/div>\n\t\t\t\t<div class=\"elementor-element elementor-element-dba8f09 flex-horizontal-align-default flex-horizontal-align-tablet-default flex-horizontal-align-mobile-default flex-vertical-align-default flex-vertical-align-tablet-default flex-vertical-align-mobile-default elementor-widget elementor-widget-text-editor\" data-id=\"dba8f09\" data-element_type=\"widget\" data-widget_type=\"text-editor.default\">\n\t\t\t\t<div class=\"elementor-widget-container\">\n\t\t\t\t\t\t\t\t\t\t\t\t<div class=\"elementor-text-editor elementor-clearfix\">\r\n\t\t\t\t\t\t<p style=\"text-align: left;\">WYST\u0118P Z DNIA 16.02.2025\u00a0<\/p>\t\t\t\t\t\t\t<\/div>\r\n\t\t\t\t\t\t\t\t\t\t<\/div>\n\t\t\t\t<\/div>\n\t\t\t\t\t<\/div>\n\t\t\t\t<\/div>\n\t\t<div class=\"elementor-element elementor-element-2827b53 thegem-e-con-layout-elementor e-flex e-con-boxed e-con e-child\" data-id=\"2827b53\" data-element_type=\"container\" data-settings=\"{&quot;thegem_container_layout&quot;:&quot;elementor&quot;}\">\r\n\t\t\t\t\t<div class=\"e-con-inner\">\r\n\t\t\t\t<div class=\"elementor-element elementor-element-1a359cc elementor-widget__width-initial flex-horizontal-align-default flex-horizontal-align-tablet-default flex-horizontal-align-mobile-default flex-vertical-align-default flex-vertical-align-tablet-default flex-vertical-align-mobile-default elementor-widget elementor-widget-image\" data-id=\"1a359cc\" data-element_type=\"widget\" data-widget_type=\"image.default\">\n\t\t\t\t<div class=\"elementor-widget-container\">\n\t\t\t\t\t\t\t\t\t\t\t\t\t\t\t<img width=\"1024\" height=\"568\" src=\"https:\/\/lidiaiwanowska.com\/wp-content\/uploads\/2025\/03\/Zrzut-ekranu-2025-03-26-o-09.38.58-1024x568.png\" class=\"attachment-large size-large wp-image-36493\" alt=\"\" srcset=\"https:\/\/lidiaiwanowska.com\/wp-content\/uploads\/2025\/03\/Zrzut-ekranu-2025-03-26-o-09.38.58-1024x568.png 1024w, https:\/\/lidiaiwanowska.com\/wp-content\/uploads\/2025\/03\/Zrzut-ekranu-2025-03-26-o-09.38.58-298x165.png 298w, https:\/\/lidiaiwanowska.com\/wp-content\/uploads\/2025\/03\/Zrzut-ekranu-2025-03-26-o-09.38.58-600x333.png 600w, https:\/\/lidiaiwanowska.com\/wp-content\/uploads\/2025\/03\/Zrzut-ekranu-2025-03-26-o-09.38.58-300x166.png 300w, https:\/\/lidiaiwanowska.com\/wp-content\/uploads\/2025\/03\/Zrzut-ekranu-2025-03-26-o-09.38.58-768x426.png 768w, https:\/\/lidiaiwanowska.com\/wp-content\/uploads\/2025\/03\/Zrzut-ekranu-2025-03-26-o-09.38.58-1536x852.png 1536w, https:\/\/lidiaiwanowska.com\/wp-content\/uploads\/2025\/03\/Zrzut-ekranu-2025-03-26-o-09.38.58-2048x1136.png 2048w, https:\/\/lidiaiwanowska.com\/wp-content\/uploads\/2025\/03\/Zrzut-ekranu-2025-03-26-o-09.38.58-672x372.png 672w\" sizes=\"(max-width: 1024px) 100vw, 1024px\" \/>\t\t\t\t\t\t\t\t\t\t\t\t\t\t\t<\/div>\n\t\t\t\t<\/div>\n\t\t\t\t<div class=\"elementor-element elementor-element-2b1dfe3 elementor-widget__width-initial flex-horizontal-align-default flex-horizontal-align-tablet-default flex-horizontal-align-mobile-default flex-vertical-align-default flex-vertical-align-tablet-default flex-vertical-align-mobile-default elementor-widget elementor-widget-text-editor\" data-id=\"2b1dfe3\" data-element_type=\"widget\" data-widget_type=\"text-editor.default\">\n\t\t\t\t<div class=\"elementor-widget-container\">\n\t\t\t\t\t\t\t\t\t\t\t\t<div class=\"elementor-text-editor elementor-clearfix\">\r\n\t\t\t\t\t\t<p>Mia\u0142am przyjemno\u015b\u0107 go\u015bci\u0107 w programie \u201eHalo tu Polsat\u201d, gdzie rozmawia\u0142am o medycynie holistycznej i jej wp\u0142ywie na relacje mi\u0119dzyludzkie. Opowiada\u0142am o tym, jak holistyczne podej\u015bcie pomaga budowa\u0107 silne zwi\u0105zki, rozwi\u0105zywa\u0107 konflikty i wychodzi\u0107 z kryzys\u00f3w. Atmosfera w studiu by\u0142a fantastyczna, a rozmowa pe\u0142na inspiruj\u0105cych temat\u00f3w. Ciesz\u0119 si\u0119, \u017ce mog\u0142am podzieli\u0107 si\u0119 swoj\u0105 wiedz\u0105 i mam nadziej\u0119, \u017ce uda\u0142o mi si\u0119 zainspirowa\u0107 widz\u00f3w do spojrzenia na swoje relacje w nowy, bardziej \u015bwiadomy spos\u00f3b! Gor\u0105co zach\u0119cam do ods\u0142uchania rozmowy.&nbsp;<\/p>\t\t\t\t\t\t\t<\/div>\r\n\t\t\t\t\t\t\t\t\t\t<\/div>\n\t\t\t\t<\/div>\n\t\t\t\t\t<\/div>\n\t\t\t\t<\/div>\n\t\t<div class=\"elementor-element elementor-element-82658a4 thegem-e-con-layout-elementor e-flex e-con-boxed e-con e-parent\" data-id=\"82658a4\" data-element_type=\"container\" data-settings=\"{&quot;thegem_container_layout&quot;:&quot;elementor&quot;}\">\r\n\t\t\t\t\t<div class=\"e-con-inner\">\r\n\t\t\t\t<div class=\"elementor-element elementor-element-58ac4b7 flex-horizontal-align-default flex-horizontal-align-tablet-default flex-horizontal-align-mobile-default flex-vertical-align-default flex-vertical-align-tablet-default flex-vertical-align-mobile-default elementor-widget elementor-widget-thegem-styledbutton\" data-id=\"58ac4b7\" data-element_type=\"widget\" data-settings=\"{&quot;thegem_button_skin&quot;:&quot;flat&quot;,&quot;add_icon&quot;:&quot;yes&quot;}\" data-widget_type=\"thegem-styledbutton.default\">\n\t\t\t\t<div class=\"elementor-widget-container\">\n\t\t\t\t\t\n<div class=\"gem-button-container gem-widget-button\">\n\n\t\t<a class=\"gem-button gem-button-size-tiny gem-button-text-weight-bold gem-button-style-flat\" href=\"https:\/\/halotu.polsat.pl\/wideo\/video-medycyna-holistyczna-uleczy-takze-zwiazki-lidia-iwanowska-w-,vId,3475046\">\n\t\t<span class=\"gem-inner-wrapper-btn\">\n\t\t\t\t\t\t\t<span class=\"gem-button-icon\">\n\t\t\t\t\t<svg aria-hidden=\"true\" class=\"e-font-icon-svg e-fas-star\" viewbox=\"0 0 576 512\" xmlns=\"http:\/\/www.w3.org\/2000\/svg\"><path d=\"M259.3 17.8L194 150.2 47.9 171.5c-26.2 3.8-36.7 36.1-17.7 54.6l105.7 103-25 145.5c-4.5 26.3 23.2 46 46.4 33.7L288 439.6l130.7 68.7c23.2 12.2 50.9-7.4 46.4-33.7l-25-145.5 105.7-103c19-18.5 8.5-50.8-17.7-54.6L382 150.2 316.7 17.8c-11.7-23.6-45.6-23.9-57.4 0z\"><\/path><\/svg>\t\t\t\t<\/span>\n\t\t\t\t\t\t<span class=\"gem-text-button\">\n\t\t\t\tCZYTAJ WI\u0118CEJ\t\t\t<\/span>\n\t\t<\/span>\n\t<\/a>\n\n\t\n<\/div>\t\t\t\t<\/div>\n\t\t\t\t<\/div>\n\t\t\t\t\t<\/div>\n\t\t\t\t<\/div>\n\t\t<div class=\"elementor-element elementor-element-2b5c047 thegem-e-con-layout-elementor e-flex e-con-boxed e-con e-parent\" data-id=\"2b5c047\" data-element_type=\"container\" data-settings=\"{&quot;thegem_container_layout&quot;:&quot;elementor&quot;}\">\r\n\t\t\t\t\t<div class=\"e-con-inner\">\r\n\t\t\t\t<div class=\"elementor-element elementor-element-639e5a9 flex-horizontal-align-default flex-horizontal-align-tablet-default flex-horizontal-align-mobile-default flex-vertical-align-default flex-vertical-align-tablet-default flex-vertical-align-mobile-default elementor-widget elementor-widget-heading\" data-id=\"639e5a9\" data-element_type=\"widget\" data-widget_type=\"heading.default\">\n\t\t\t\t<div class=\"elementor-widget-container\">\n\t\t\t\t\t<h2 class=\"elementor-heading-title elementor-size-default\">WYBRANE WYPOWIEDZI EKSPERCkIE W MEDIACH<\/h2>\t\t\t\t<\/div>\n\t\t\t\t<\/div>\n\t\t\t\t\t<\/div>\n\t\t\t\t<\/div>\n\t\t<div class=\"elementor-element elementor-element-0638cce thegem-e-con-layout-elementor e-flex e-con-boxed e-con e-parent\" data-id=\"0638cce\" data-element_type=\"container\" data-settings=\"{&quot;thegem_container_layout&quot;:&quot;elementor&quot;}\">\r\n\t\t\t\t\t<div class=\"e-con-inner\">\r\n\t\t\t\t<div class=\"elementor-element elementor-element-a95e43b flex-horizontal-align-default flex-horizontal-align-tablet-default flex-horizontal-align-mobile-default flex-vertical-align-default flex-vertical-align-tablet-default flex-vertical-align-mobile-default elementor-widget elementor-widget-text-editor\" data-id=\"a95e43b\" data-element_type=\"widget\" data-widget_type=\"text-editor.default\">\n\t\t\t\t<div class=\"elementor-widget-container\">\n\t\t\t\t\t\t\t\t\t\t\t\t<div class=\"elementor-text-editor elementor-clearfix\">\r\n\t\t\t\t\t\t<p style=\"text-align: center;\"><a style=\"color: rgb(156, 99, 212); font-weight: bold;\" href=\"https:\/\/liderzyinnowacyjnosci.com\/od-zycia-w-leku-do-swiadomego-zdrowia\">LIDERZY INNOWACYJNO\u015aCI&nbsp;<\/a><font color=\"#9c63d4\"><b>\u2022&nbsp;Od \u017cycia w l\u0119ku do \u015bwiadomego zdrowia.<\/b><\/font><\/p>\n<p style=\"text-align: center;\"><a style=\"color: rgb(156, 99, 212); font-weight: bold;\" href=\"https:\/\/generacjakobiet.pl\/aktualnosci\/kobieta\/bezpieczna-relacja-w-ujeciu-holistycznym\/\">GENERACJA KOBIET&nbsp;<\/a><font color=\"#9c63d4\"><b>\u2022&nbsp;Lidia o bezpiecznej relacji.<\/b><\/font><\/p>\n<p style=\"text-align: center;\"><a style=\"color: rgb(156, 99, 212); font-weight: bold;\" href=\"https:\/\/www.planetakobiet.com.pl\/artykul-9576-krokpokrokukuzdrowiujakzadbacosiebie.htm\">PLANETA KOBIET&nbsp;<\/a><font color=\"#9c63d4\"><b>\u2022&nbsp;Krok w stron\u0119 zdrowia, czyli jak zadba\u0107 o siebie.&nbsp;<\/b><\/font><\/p>\n<p style=\"text-align: center;\"><a style=\"color: rgb(156, 99, 212); font-weight: bold;\" href=\"https:\/\/life4style.pl\/medycyna-holistyczna-sposob-na-optymalne-zdrowie\/\">LIFE4STYLE<\/a><font color=\"#9c63d4\"><b>&nbsp;\u2022&nbsp;Medycyna holistyczna, jako spos\u00f3b na optymalne zdrowie.&nbsp;<\/b><\/font><\/p>\n<p style=\"text-align: center;\"><a style=\"font-weight: bold; color: rgb(156, 99, 212);\" href=\"https:\/\/magazynlbq.pl\/jak-budowac-silne-relacje-z-innymi\/\">MAGAZYN LAW BUSINESS QUALITY&nbsp;<\/a><font color=\"#9c63d4\"><b>\u2022&nbsp;Jak budowa\u0107 <\/b><\/font><span style=\"color: rgb(156, 99, 212); font-weight: bold; caret-color: rgb(156, 99, 212);\">silne relacje z innymi?&nbsp;<\/span><\/p>\n<p style=\"text-align: center;\"><a style=\"color: rgb(156, 99, 212); font-weight: bold;\" href=\"https:\/\/szczyptaluksusu.pl\/lidia-iwanowska-jak-budowac-silne-relacje-z-innymi\/\">SZCZYPTA LUKSUSU<\/a><font color=\"#9c63d4\"><b>&nbsp;\u2022&nbsp;Jak budowa\u0107 silne relacje z innymi?&nbsp;<\/b><\/font><\/p>\n<p style=\"text-align: center;\"><a style=\"font-weight: bold; color: rgb(156, 99, 212);\" href=\"https:\/\/www.planetakobiet.com.pl\/artykul-9580-jakbudowacsilnerelacjezinnymi.htm\">PLANETA KOBIET&nbsp;<\/a><font color=\"#9c63d4\"><b>\u2022&nbsp;Jak <\/b><\/font><span style=\"color: rgb(156, 99, 212); font-weight: bold; caret-color: rgb(156, 99, 212);\">budowa\u0107<\/span><font color=\"#9c63d4\"><b>&nbsp;silne relacje z innymi?<\/b><\/font><\/p>\n<p style=\"text-align: center;\"><a style=\"color: rgb(156, 99, 212); font-weight: bold;\" href=\"https:\/\/imperiumrelacji.pl\/2025\/01\/jak-budowac-silne-relacje-z-innymi\/\">IMPERIUM RELACJI&nbsp;<\/a><font color=\"#9c63d4\"><b>\u2022&nbsp;Jak budowa\u0107 silne relacje z innymi?<\/b><\/font><\/p>\n<p style=\"text-align: center;\"><a style=\"color: rgb(156, 99, 212); font-weight: bold;\" href=\"https:\/\/cudnamalopolska.pl\/jak-uniknac-zimowej-depresji\/\">CUDNA MA\u0141OPOLSKA<\/a><font color=\"#9c63d4\"><b>&nbsp;\u2022&nbsp;Jak unikn\u0105\u0107 zimowej depresji?<\/b><\/font><\/p>\n<p style=\"text-align: center;\"><a style=\"font-weight: bold; color: rgb(156, 99, 212);\" href=\"https:\/\/www.kobieta50plus.pl\/pl\/zdrowie-50-plus\/jak-uniknac-zimowej-depresji\">KOBIETA 50 PLUS<\/a><font color=\"#9c63d4\"><b>&nbsp;\u2022&nbsp;Jak <\/b><\/font><span style=\"color: rgb(156, 99, 212); font-weight: bold; caret-color: rgb(156, 99, 212);\">unikn\u0105\u0107<\/span><font color=\"#9c63d4\"><b>&nbsp;zimowej&nbsp;<\/b><\/font><span style=\"color: #9c63d4;\"><span style=\"caret-color: #9c63d4;\"><b>depresji?<\/b><\/span><\/span><\/p>\n<p style=\"text-align: center;\"><a style=\"color: rgb(156, 99, 212); font-weight: bold;\" href=\"http:\/\/www.businessmantoday.us\/pl\/odkryj-w-sobie-sile-dlaczego-kobiety-nie-realizuja-swoich-celow\/\">BUSINESSMAN TODAY<\/a><font color=\"#9c63d4\"><b>&nbsp;\u2022&nbsp;Jak odkry\u0107 w sobie si\u0142\u0119?<\/b><\/font><\/p>\n<p style=\"text-align: center;\"><a style=\"color: rgb(156, 99, 212); font-weight: bold;\" href=\"https:\/\/naszemedia.info\/rozwoj-osobisty-a-life-coaching\/\">NASZE MEDIA INFO<\/a><font color=\"#9c63d4\"><b>&nbsp;\u2022&nbsp;Rozw\u00f3j osobisty a life coaching.&nbsp;<\/b><\/font><\/p>\t\t\t\t\t\t\t<\/div>\r\n\t\t\t\t\t\t\t\t\t\t<\/div>\n\t\t\t\t<\/div>\n\t\t\t\t\t<\/div>\n\t\t\t\t<\/div>\n\t\t\t\t<\/div>","protected":false},"excerpt":{"rendered":"<p>HALO TU POLSAT WYST\u0118P Z DNIA 16.02.2025\u00a0 Mia\u0142am przyjemno\u015b\u0107 go\u015bci\u0107 w programie \u201eHalo tu Polsat\u201d, gdzie rozmawia\u0142am o medycynie holistycznej&#8230;<\/p>","protected":false},"author":10,"featured_media":0,"parent":0,"menu_order":0,"comment_status":"closed","ping_status":"closed","template":"page-fullwidth.php","meta":{"footnotes":""},"class_list":["post-36385","page","type-page","status-publish"],"yoast_head":"<!-- This site is optimized with the Yoast SEO plugin v26.4 - https:\/\/yoast.com\/wordpress\/plugins\/seo\/ -->\n<title>MEDIA - Lidia Iwanowska - szcz\u0119\u015bcie i rozw\u00f3j<\/title>\n<meta name=\"robots\" content=\"index, follow, max-snippet:-1, max-image-preview:large, max-video-preview:-1\" \/>\n<link rel=\"canonical\" href=\"https:\/\/lidiaiwanowska.com\/en\/media\/\" \/>\n<meta property=\"og:locale\" content=\"en_US\" \/>\n<meta property=\"og:type\" content=\"article\" \/>\n<meta property=\"og:title\" content=\"MEDIA - Lidia Iwanowska - szcz\u0119\u015bcie i rozw\u00f3j\" \/>\n<meta property=\"og:description\" content=\"HALO TU POLSAT WYST\u0118P Z DNIA 16.02.2025\u00a0 Mia\u0142am przyjemno\u015b\u0107 go\u015bci\u0107 w programie \u201eHalo tu Polsat\u201d, gdzie rozmawia\u0142am o medycynie holistycznej...\" \/>\n<meta property=\"og:url\" content=\"https:\/\/lidiaiwanowska.com\/en\/media\/\" \/>\n<meta property=\"og:site_name\" content=\"Lidia Iwanowska - szcz\u0119\u015bcie i rozw\u00f3j\" \/>\n<meta property=\"article:modified_time\" content=\"2026-02-20T18:42:41+00:00\" \/>\n<meta property=\"og:image\" content=\"https:\/\/lidiaiwanowska.com\/wp-content\/uploads\/2025\/03\/Zrzut-ekranu-2025-03-26-o-09.38.58-1024x568.png\" \/>\n\t<meta property=\"og:image:width\" content=\"1024\" \/>\n\t<meta property=\"og:image:height\" content=\"568\" \/>\n\t<meta property=\"og:image:type\" content=\"image\/png\" \/>\n<meta name=\"twitter:card\" content=\"summary_large_image\" \/>\n<meta name=\"twitter:label1\" content=\"Est. reading time\" \/>\n\t<meta name=\"twitter:data1\" content=\"2 minutes\" \/>\n<script type=\"application\/ld+json\" class=\"yoast-schema-graph\">{\"@context\":\"https:\/\/schema.org\",\"@graph\":[{\"@type\":\"WebPage\",\"@id\":\"https:\/\/lidiaiwanowska.com\/media\",\"url\":\"https:\/\/lidiaiwanowska.com\/media\",\"name\":\"MEDIA - Lidia Iwanowska - szcz\u0119\u015bcie i rozw\u00f3j\",\"isPartOf\":{\"@id\":\"https:\/\/lidiaiwanowska.com\/#website\"},\"primaryImageOfPage\":{\"@id\":\"https:\/\/lidiaiwanowska.com\/media#primaryimage\"},\"image\":{\"@id\":\"https:\/\/lidiaiwanowska.com\/media#primaryimage\"},\"thumbnailUrl\":\"https:\/\/lidiaiwanowska.com\/wp-content\/uploads\/2025\/03\/Zrzut-ekranu-2025-03-26-o-09.38.58-1024x568.png\",\"datePublished\":\"2025-02-12T12:43:50+00:00\",\"dateModified\":\"2026-02-20T18:42:41+00:00\",\"breadcrumb\":{\"@id\":\"https:\/\/lidiaiwanowska.com\/media#breadcrumb\"},\"inLanguage\":\"en-US\",\"potentialAction\":[{\"@type\":\"ReadAction\",\"target\":[\"https:\/\/lidiaiwanowska.com\/media\"]}]},{\"@type\":\"ImageObject\",\"inLanguage\":\"en-US\",\"@id\":\"https:\/\/lidiaiwanowska.com\/media#primaryimage\",\"url\":\"https:\/\/lidiaiwanowska.com\/wp-content\/uploads\/2025\/03\/Zrzut-ekranu-2025-03-26-o-09.38.58-1024x568.png\",\"contentUrl\":\"https:\/\/lidiaiwanowska.com\/wp-content\/uploads\/2025\/03\/Zrzut-ekranu-2025-03-26-o-09.38.58-1024x568.png\"},{\"@type\":\"BreadcrumbList\",\"@id\":\"https:\/\/lidiaiwanowska.com\/media#breadcrumb\",\"itemListElement\":[{\"@type\":\"ListItem\",\"position\":1,\"name\":\"Home\",\"item\":\"https:\/\/lidiaiwanowska.com\/\"},{\"@type\":\"ListItem\",\"position\":2,\"name\":\"MEDIA\"}]},{\"@type\":\"WebSite\",\"@id\":\"https:\/\/lidiaiwanowska.com\/#website\",\"url\":\"https:\/\/lidiaiwanowska.com\/\",\"name\":\"Lidia Iwanowska - szcz\u0119\u015bcie i rozw\u00f3j\",\"description\":\"\",\"publisher\":{\"@id\":\"https:\/\/lidiaiwanowska.com\/#\/schema\/person\/6694f1482f93fd94d9044fca53ff40e8\"},\"potentialAction\":[{\"@type\":\"SearchAction\",\"target\":{\"@type\":\"EntryPoint\",\"urlTemplate\":\"https:\/\/lidiaiwanowska.com\/?s={search_term_string}\"},\"query-input\":{\"@type\":\"PropertyValueSpecification\",\"valueRequired\":true,\"valueName\":\"search_term_string\"}}],\"inLanguage\":\"en-US\"},{\"@type\":[\"Person\",\"Organization\"],\"@id\":\"https:\/\/lidiaiwanowska.com\/#\/schema\/person\/6694f1482f93fd94d9044fca53ff40e8\",\"name\":\"Lidia Iwanowska\",\"image\":{\"@type\":\"ImageObject\",\"inLanguage\":\"en-US\",\"@id\":\"https:\/\/lidiaiwanowska.com\/#\/schema\/person\/image\/\",\"url\":\"https:\/\/lidiaiwanowska.com\/wp-content\/uploads\/2024\/04\/lidia-tlo-napisy.png\",\"contentUrl\":\"https:\/\/lidiaiwanowska.com\/wp-content\/uploads\/2024\/04\/lidia-tlo-napisy.png\",\"width\":1365,\"height\":2048,\"caption\":\"Lidia Iwanowska\"},\"logo\":{\"@id\":\"https:\/\/lidiaiwanowska.com\/#\/schema\/person\/image\/\"}}]}<\/script>\n<!-- \/ Yoast SEO plugin. -->","yoast_head_json":{"title":"MEDIA - Lidia Iwanowska - szcz\u0119\u015bcie i rozw\u00f3j","robots":{"index":"index","follow":"follow","max-snippet":"max-snippet:-1","max-image-preview":"max-image-preview:large","max-video-preview":"max-video-preview:-1"},"canonical":"https:\/\/lidiaiwanowska.com\/en\/media\/","og_locale":"en_US","og_type":"article","og_title":"MEDIA - Lidia Iwanowska - szcz\u0119\u015bcie i rozw\u00f3j","og_description":"HALO TU POLSAT WYST\u0118P Z DNIA 16.02.2025\u00a0 Mia\u0142am przyjemno\u015b\u0107 go\u015bci\u0107 w programie \u201eHalo tu Polsat\u201d, gdzie rozmawia\u0142am o medycynie holistycznej...","og_url":"https:\/\/lidiaiwanowska.com\/en\/media\/","og_site_name":"Lidia Iwanowska - szcz\u0119\u015bcie i rozw\u00f3j","article_modified_time":"2026-02-20T18:42:41+00:00","og_image":[{"width":1024,"height":568,"url":"https:\/\/lidiaiwanowska.com\/wp-content\/uploads\/2025\/03\/Zrzut-ekranu-2025-03-26-o-09.38.58-1024x568.png","type":"image\/png"}],"twitter_card":"summary_large_image","twitter_misc":{"Est. reading time":"2 minutes"},"schema":{"@context":"https:\/\/schema.org","@graph":[{"@type":"WebPage","@id":"https:\/\/lidiaiwanowska.com\/media","url":"https:\/\/lidiaiwanowska.com\/media","name":"MEDIA - Lidia Iwanowska - szcz\u0119\u015bcie i rozw\u00f3j","isPartOf":{"@id":"https:\/\/lidiaiwanowska.com\/#website"},"primaryImageOfPage":{"@id":"https:\/\/lidiaiwanowska.com\/media#primaryimage"},"image":{"@id":"https:\/\/lidiaiwanowska.com\/media#primaryimage"},"thumbnailUrl":"https:\/\/lidiaiwanowska.com\/wp-content\/uploads\/2025\/03\/Zrzut-ekranu-2025-03-26-o-09.38.58-1024x568.png","datePublished":"2025-02-12T12:43:50+00:00","dateModified":"2026-02-20T18:42:41+00:00","breadcrumb":{"@id":"https:\/\/lidiaiwanowska.com\/media#breadcrumb"},"inLanguage":"en-US","potentialAction":[{"@type":"ReadAction","target":["https:\/\/lidiaiwanowska.com\/media"]}]},{"@type":"ImageObject","inLanguage":"en-US","@id":"https:\/\/lidiaiwanowska.com\/media#primaryimage","url":"https:\/\/lidiaiwanowska.com\/wp-content\/uploads\/2025\/03\/Zrzut-ekranu-2025-03-26-o-09.38.58-1024x568.png","contentUrl":"https:\/\/lidiaiwanowska.com\/wp-content\/uploads\/2025\/03\/Zrzut-ekranu-2025-03-26-o-09.38.58-1024x568.png"},{"@type":"BreadcrumbList","@id":"https:\/\/lidiaiwanowska.com\/media#breadcrumb","itemListElement":[{"@type":"ListItem","position":1,"name":"Home","item":"https:\/\/lidiaiwanowska.com\/"},{"@type":"ListItem","position":2,"name":"MEDIA"}]},{"@type":"WebSite","@id":"https:\/\/lidiaiwanowska.com\/#website","url":"https:\/\/lidiaiwanowska.com\/","name":"Lidia Iwanowska - szcz\u0119\u015bcie i rozw\u00f3j","description":"","publisher":{"@id":"https:\/\/lidiaiwanowska.com\/#\/schema\/person\/6694f1482f93fd94d9044fca53ff40e8"},"potentialAction":[{"@type":"SearchAction","target":{"@type":"EntryPoint","urlTemplate":"https:\/\/lidiaiwanowska.com\/?s={search_term_string}"},"query-input":{"@type":"PropertyValueSpecification","valueRequired":true,"valueName":"search_term_string"}}],"inLanguage":"en-US"},{"@type":["Person","Organization"],"@id":"https:\/\/lidiaiwanowska.com\/#\/schema\/person\/6694f1482f93fd94d9044fca53ff40e8","name":"Lidia Iwanowska","image":{"@type":"ImageObject","inLanguage":"en-US","@id":"https:\/\/lidiaiwanowska.com\/#\/schema\/person\/image\/","url":"https:\/\/lidiaiwanowska.com\/wp-content\/uploads\/2024\/04\/lidia-tlo-napisy.png","contentUrl":"https:\/\/lidiaiwanowska.com\/wp-content\/uploads\/2024\/04\/lidia-tlo-napisy.png","width":1365,"height":2048,"caption":"Lidia Iwanowska"},"logo":{"@id":"https:\/\/lidiaiwanowska.com\/#\/schema\/person\/image\/"}}]}},"_links":{"self":[{"href":"https:\/\/lidiaiwanowska.com\/en\/wp-json\/wp\/v2\/pages\/36385","targetHints":{"allow":["GET"]}}],"collection":[{"href":"https:\/\/lidiaiwanowska.com\/en\/wp-json\/wp\/v2\/pages"}],"about":[{"href":"https:\/\/lidiaiwanowska.com\/en\/wp-json\/wp\/v2\/types\/page"}],"author":[{"embeddable":true,"href":"https:\/\/lidiaiwanowska.com\/en\/wp-json\/wp\/v2\/users\/10"}],"replies":[{"embeddable":true,"href":"https:\/\/lidiaiwanowska.com\/en\/wp-json\/wp\/v2\/comments?post=36385"}],"version-history":[{"count":41,"href":"https:\/\/lidiaiwanowska.com\/en\/wp-json\/wp\/v2\/pages\/36385\/revisions"}],"predecessor-version":[{"id":37572,"href":"https:\/\/lidiaiwanowska.com\/en\/wp-json\/wp\/v2\/pages\/36385\/revisions\/37572"}],"wp:attachment":[{"href":"https:\/\/lidiaiwanowska.com\/en\/wp-json\/wp\/v2\/media?parent=36385"}],"curies":[{"name":"wp","href":"https:\/\/api.w.org\/{rel}","templated":true}]}}